{"id":2217,"date":"2019-08-22T02:38:12","date_gmt":"2019-08-22T02:38:12","guid":{"rendered":"https:\/\/immigrationeu.es\/?page_id=2217"},"modified":"2020-12-16T01:06:52","modified_gmt":"2020-12-16T01:06:52","slug":"carreras","status":"publish","type":"page","link":"https:\/\/immigrationeu.es\/es\/carreras\/","title":{"rendered":"Carreras"},"content":{"rendered":"<p>[vc_row full_width=\u00bbstretch_row\u00bb content_placement=\u00bbtop\u00bb background_position=\u00bbcenter center\u00bb css=\u00bb.vc_custom_1561348263397{padding-top: 80px !important;padding-bottom: 80px !important;background-image: url(https:\/\/immigrationeu.es\/wp-content\/uploads\/2019\/06\/career.png?id=156) !important;background-position: center !important;background-repeat: no-repeat !important;background-size: cover !important;}\u00bb][vc_column width=\u00bb1\/6&#8243;][\/vc_column][vc_column width=\u00bb2\/3&#8243; css=\u00bb.vc_custom_1561305594558{background-color: rgba(20,39,78,0.51) !important;*background-color: rgb(104,0,0) !important;}\u00bb][vc_column_text]<\/p>\n<h1 style=\"font-size: 30px; line-height: 36px; text-align: center;\"><span style=\"color: #ffffff;\"><strong>Join Our Team<\/strong><\/span><\/h1>\n<p>[\/vc_column_text][\/vc_column][vc_column width=\u00bb1\/6&#8243;][\/vc_column][\/vc_row][vc_row][vc_column][vc_empty_space][\/vc_column][\/vc_row][vc_row][vc_column width=\u00bb1\/3&#8243;][vc_row_inner][vc_column_inner offset=\u00bbvc_hidden-sm vc_hidden-xs\u00bb][vc_empty_space][\/vc_column_inner][\/vc_row_inner][vc_column_text]<\/p>\n<p style=\"text-align: center;\"><strong>\u00danete a nuestro equipo<\/strong><\/p>\n<p>Buscamos gente para unirse a nuestro equipo que sea tan entusiasta como nosotros. \u00a1Presenta su solicitud hoy!<\/p>\n<p>Nuestra empresa de inmigraci\u00f3n y educaci\u00f3n, est\u00e1 dirigida por personal profesional altamente cualificado, con m\u00e1s de 30 a\u00f1os de experiencia laboral combinada y conocimientos en el sector de la inmigraci\u00f3n y la educaci\u00f3n.<\/p>\n<p>Nuestros asesores son expertos en inmigraci\u00f3n y educaci\u00f3n, y est\u00e1n al d\u00eda de toda la normativa legal vigente y sus procedimientos.[\/vc_column_text][\/vc_column][vc_column width=\u00bb2\/3&#8243;][vc_column_text css=\u00bb.vc_custom_1561349345549{margin-bottom: 18px !important;}\u00bb]<\/p>\n<p style=\"font-size: 18px; line-height: 24px; text-align: center;\"><span style=\"color: #333333;\">We\u2019re looking for people to join our team who are as excited as we are. Apply Today!<\/span><\/p>\n<p>[\/vc_column_text][contact-form-7 id=\u00bb8&#8243;][\/vc_column][\/vc_row][vc_row][vc_column][vc_empty_space][\/vc_column][\/vc_row][vc_row full_width=\u00bbstretch_row\u00bb background_position=\u00bbright top\u00bb css=\u00bb.vc_custom_1602114698511{padding-top: 40px !important;padding-bottom: 20px !important;background-color: #14274e !important;background-position: center !important;background-repeat: no-repeat !important;background-size: cover !important;}\u00bb][vc_column width=\u00bb1\/4&#8243; css=\u00bb.vc_custom_1562383084786{margin-bottom: 30px !important;}\u00bb][vc_widget_sidebar sidebar_id=\u00bbnitro-sidebar-51&#8243;][\/vc_column][vc_column width=\u00bb1\/3&#8243; css=\u00bb.vc_custom_1562383090392{margin-bottom: 30px !important;}\u00bb][vc_widget_sidebar sidebar_id=\u00bbnitro-sidebar-52&#8243;][\/vc_column][vc_column width=\u00bb1\/3&#8243; css=\u00bb.vc_custom_1562383096710{margin-bottom: 30px !important;}\u00bb][vc_widget_sidebar sidebar_id=\u00bbnitro-sidebar-53&#8243;][\/vc_column][\/vc_row][vc_row full_width=\u00bbstretch_row\u00bb content_placement=\u00bbmiddle\u00bb css=\u00bb.vc_custom_1606925812237{background-color: #f8f9fa !important;}\u00bb][vc_column width=\u00bb1\/2&#8243;][vc_column_text css=\u00bb.vc_custom_1606926041350{margin-top: 0px !important;margin-bottom: 0px !important;}\u00bb]\n<div class=\"wpml-ls-statics-footer wpml-ls wpml-ls-legacy-list-horizontal\">\n\t<ul><li class=\"wpml-ls-slot-footer wpml-ls-item wpml-ls-item-es wpml-ls-current-language wpml-ls-item-legacy-list-horizontal\">\n\t\t\t\t<a href=\"https:\/\/immigrationeu.es\/es\/\" class=\"wpml-ls-link\">\n                                                        <img decoding=\"async\"\n            class=\"wpml-ls-flag\"\n            src=\"https:\/\/immigrationeu.es\/wp-content\/plugins\/sitepress-multilingual-cms\/res\/flags\/es.png\"\n            alt=\"\"\n            width=18\n            height=12\n    \/><span class=\"wpml-ls-native\">Espa\u00f1ol<\/span><\/a>\n\t\t\t<\/li><li class=\"wpml-ls-slot-footer wpml-ls-item wpml-ls-item-en wpml-ls-first-item wpml-ls-item-legacy-list-horizontal\">\n\t\t\t\t<a href=\"https:\/\/immigrationeu.es\" class=\"wpml-ls-link\">\n                                                        <img decoding=\"async\"\n            class=\"wpml-ls-flag\"\n            src=\"https:\/\/immigrationeu.es\/wp-content\/plugins\/sitepress-multilingual-cms\/res\/flags\/en.png\"\n            alt=\"\"\n            width=18\n            height=12\n    \/><span class=\"wpml-ls-native\" lang=\"en\">English<\/span><\/a>\n\t\t\t<\/li><li class=\"wpml-ls-slot-footer wpml-ls-item wpml-ls-item-fr wpml-ls-item-legacy-list-horizontal\">\n\t\t\t\t<a href=\"https:\/\/immigrationeu.es\/fr\/\" class=\"wpml-ls-link\">\n                                                        <img decoding=\"async\"\n            class=\"wpml-ls-flag\"\n            src=\"https:\/\/immigrationeu.es\/wp-content\/plugins\/sitepress-multilingual-cms\/res\/flags\/fr.png\"\n            alt=\"\"\n            width=18\n            height=12\n    \/><span class=\"wpml-ls-native\" lang=\"fr\">Fran\u00e7ais<\/span><\/a>\n\t\t\t<\/li><li class=\"wpml-ls-slot-footer wpml-ls-item wpml-ls-item-ru wpml-ls-item-legacy-list-horizontal\">\n\t\t\t\t<a href=\"https:\/\/immigrationeu.es\/ru\/\" class=\"wpml-ls-link\">\n                                                        <img decoding=\"async\"\n            class=\"wpml-ls-flag\"\n            src=\"https:\/\/immigrationeu.es\/wp-content\/plugins\/sitepress-multilingual-cms\/res\/flags\/ru.png\"\n            alt=\"\"\n            width=18\n            height=12\n    \/><span class=\"wpml-ls-native\" lang=\"ru\">\u0420\u0443\u0441\u0441\u043a\u0438\u0439<\/span><\/a>\n\t\t\t<\/li><li class=\"wpml-ls-slot-footer wpml-ls-item wpml-ls-item-cn wpml-ls-last-item wpml-ls-item-legacy-list-horizontal\">\n\t\t\t\t<a href=\"https:\/\/immigrationeu.es\/cn\/\" class=\"wpml-ls-link\">\n                                                        <img decoding=\"async\"\n            class=\"wpml-ls-flag\"\n            src=\"https:\/\/immigrationeu.es\/wp-content\/uploads\/flags\/cn.png\"\n            alt=\"\"\n            width=18\n            height=12\n    \/><span class=\"wpml-ls-native\" lang=\"cn\">Chinese <\/span><\/a>\n\t\t\t<\/li><\/ul>\n<\/div>\n[\/vc_column_text][\/vc_column][vc_column width=\u00bb1\/2&#8243;][vc_widget_sidebar sidebar_id=\u00bbnitro-sidebar-54&#8243;][\/vc_column][\/vc_row]<\/p>\n","protected":false},"excerpt":{"rendered":"<p>[vc_row full_width=\u00bbstretch_row\u00bb content_placement=\u00bbtop\u00bb background_position=\u00bbcenter center\u00bb css=\u00bb.vc_custom_1561348263397{padding-top: 80px !important;padding-bottom: 80px !important;background-image: url(https:\/\/immigrationeu.es\/wp-content\/uploads\/2019\/06\/career.png?id=156) !important;background-position: center !important;background-repeat: no-repeat !important;background-size: cover !important;}\u00bb][vc_column width=\u00bb1\/6&#8243;][\/vc_column][vc_column width=\u00bb2\/3&#8243; css=\u00bb.vc_custom_1561305594558{background-color: rgba(20,39,78,0.51) !important;*background-color: rgb(104,0,0) !important;}\u00bb][vc_column_text] Join Our Team [\/vc_column_text][\/vc_column][vc_column width=\u00bb1\/6&#8243;][\/vc_column][\/vc_row][vc_row][vc_column][vc_empty_space][\/vc_column][\/vc_row][vc_row][vc_column width=\u00bb1\/3&#8243;][vc_row_inner][vc_column_inner offset=\u00bbvc_hidden-sm vc_hidden-xs\u00bb][vc_empty_space][\/vc_column_inner][\/vc_row_inner][vc_column_text] \u00danete a nuestro equipo Buscamos gente para unirse a nuestro equipo que sea tan entusiasta como nosotros. \u00a1Presenta su solicitud hoy! Nuestra [&hellip;]<\/p>\n","protected":false},"author":1,"featured_media":0,"parent":0,"menu_order":0,"comment_status":"closed","ping_status":"closed","template":"","meta":{"footnotes":""},"yoast_head":"<!-- This site is optimized with the Yoast SEO plugin v17.2 - https:\/\/yoast.com\/wordpress\/plugins\/seo\/ -->\n<title>TRABAJO CARRERA RESIDENCIA INMIGRACI\u00d3N VISA<\/title>\n<meta name=\"description\" content=\"VISA | INMIGRACI\u00d3N | NEGOCIOS | EMPRESA | RESIDENCIA | TRABAJO | CARRER | INIMEX | CARRER FRANCIA | + 33 621662009 | + 377 607933859\" \/>\n<meta name=\"robots\" content=\"index, follow, max-snippet:-1, max-image-preview:large, max-video-preview:-1\" \/>\n<link rel=\"canonical\" href=\"https:\/\/immigrationeu.es\/es\/carreras\/\" \/>\n<meta property=\"og:locale\" content=\"es_ES\" \/>\n<meta property=\"og:type\" content=\"article\" \/>\n<meta property=\"og:title\" content=\"TRABAJO CARRERA RESIDENCIA INMIGRACI\u00d3N VISA\" \/>\n<meta property=\"og:description\" content=\"VISA | INMIGRACI\u00d3N | NEGOCIOS | EMPRESA | RESIDENCIA | TRABAJO | CARRER | INIMEX | CARRER FRANCIA | + 33 621662009 | + 377 607933859\" \/>\n<meta property=\"og:url\" content=\"https:\/\/immigrationeu.es\/es\/carreras\/\" \/>\n<meta property=\"og:site_name\" content=\"Immigration EU\" \/>\n<meta property=\"article:modified_time\" content=\"2020-12-16T01:06:52+00:00\" \/>\n<meta property=\"og:image\" content=\"https:\/\/immigrationeu.es\/wp-content\/uploads\/2021\/06\/inimex-es-logo.png\" \/>\n\t<meta property=\"og:image:width\" content=\"763\" \/>\n\t<meta property=\"og:image:height\" content=\"420\" \/>\n<meta name=\"twitter:card\" content=\"summary_large_image\" \/>\n<meta name=\"twitter:site\" content=\"@inimexcom\" \/>\n<meta name=\"twitter:label1\" content=\"Tiempo de lectura\" \/>\n\t<meta name=\"twitter:data1\" content=\"2 minutos\" \/>\n<script type=\"application\/ld+json\" class=\"yoast-schema-graph\">{\"@context\":\"https:\/\/schema.org\",\"@graph\":[{\"@type\":\"Organization\",\"@id\":\"https:\/\/immigrationeu.es\/#organization\",\"name\":\"Inimex\",\"url\":\"https:\/\/immigrationeu.es\/\",\"sameAs\":[\"https:\/\/www.instagram.com\/inimexinimex\/\",\"https:\/\/www.youtube.com\/channel\/UCH-rQw097uvbDUlhya3lz9A\",\"https:\/\/twitter.com\/inimexcom\"],\"logo\":{\"@type\":\"ImageObject\",\"@id\":\"https:\/\/immigrationeu.es\/#logo\",\"inLanguage\":\"es\",\"url\":\"https:\/\/immigrationeu.es\/wp-content\/uploads\/2021\/06\/inimex-es-logo.png\",\"contentUrl\":\"https:\/\/immigrationeu.es\/wp-content\/uploads\/2021\/06\/inimex-es-logo.png\",\"width\":763,\"height\":420,\"caption\":\"Inimex\"},\"image\":{\"@id\":\"https:\/\/immigrationeu.es\/#logo\"}},{\"@type\":\"WebSite\",\"@id\":\"https:\/\/immigrationeu.es\/#website\",\"url\":\"https:\/\/immigrationeu.es\/\",\"name\":\"Immigration EU\",\"description\":\"\",\"publisher\":{\"@id\":\"https:\/\/immigrationeu.es\/#organization\"},\"potentialAction\":[{\"@type\":\"SearchAction\",\"target\":{\"@type\":\"EntryPoint\",\"urlTemplate\":\"https:\/\/immigrationeu.es\/?s={search_term_string}\"},\"query-input\":\"required name=search_term_string\"}],\"inLanguage\":\"es\"},{\"@type\":\"WebPage\",\"@id\":\"https:\/\/immigrationeu.es\/es\/carreras\/#webpage\",\"url\":\"https:\/\/immigrationeu.es\/es\/carreras\/\",\"name\":\"TRABAJO CARRERA RESIDENCIA INMIGRACI\\u00d3N VISA\",\"isPartOf\":{\"@id\":\"https:\/\/immigrationeu.es\/#website\"},\"datePublished\":\"2019-08-22T02:38:12+00:00\",\"dateModified\":\"2020-12-16T01:06:52+00:00\",\"description\":\"VISA | INMIGRACI\\u00d3N | NEGOCIOS | EMPRESA | RESIDENCIA | TRABAJO | CARRER | INIMEX | CARRER FRANCIA | + 33 621662009 | + 377 607933859\",\"breadcrumb\":{\"@id\":\"https:\/\/immigrationeu.es\/es\/carreras\/#breadcrumb\"},\"inLanguage\":\"es\",\"potentialAction\":[{\"@type\":\"ReadAction\",\"target\":[\"https:\/\/immigrationeu.es\/es\/carreras\/\"]}]},{\"@type\":\"BreadcrumbList\",\"@id\":\"https:\/\/immigrationeu.es\/es\/carreras\/#breadcrumb\",\"itemListElement\":[{\"@type\":\"ListItem\",\"position\":1,\"name\":\"Home\",\"item\":\"https:\/\/immigrationeu.es\/es\/\"},{\"@type\":\"ListItem\",\"position\":2,\"name\":\"Carreras\"}]}]}<\/script>\n<!-- \/ Yoast SEO plugin. -->","yoast_head_json":{"title":"TRABAJO CARRERA RESIDENCIA INMIGRACI\u00d3N VISA","description":"VISA | INMIGRACI\u00d3N | NEGOCIOS | EMPRESA | RESIDENCIA | TRABAJO | CARRER | INIMEX | CARRER FRANCIA | + 33 621662009 | + 377 607933859","robots":{"index":"index","follow":"follow","max-snippet":"max-snippet:-1","max-image-preview":"max-image-preview:large","max-video-preview":"max-video-preview:-1"},"canonical":"https:\/\/immigrationeu.es\/es\/carreras\/","og_locale":"es_ES","og_type":"article","og_title":"TRABAJO CARRERA RESIDENCIA INMIGRACI\u00d3N VISA","og_description":"VISA | INMIGRACI\u00d3N | NEGOCIOS | EMPRESA | RESIDENCIA | TRABAJO | CARRER | INIMEX | CARRER FRANCIA | + 33 621662009 | + 377 607933859","og_url":"https:\/\/immigrationeu.es\/es\/carreras\/","og_site_name":"Immigration EU","article_modified_time":"2020-12-16T01:06:52+00:00","og_image":[{"width":763,"height":420,"url":"https:\/\/immigrationeu.es\/wp-content\/uploads\/2021\/06\/inimex-es-logo.png","path":"\/home\/immigra9\/immigrationeu.es\/wp-content\/uploads\/2021\/06\/inimex-es-logo.png","size":"full","id":4109,"alt":"","pixels":320460,"type":"image\/png"}],"twitter_card":"summary_large_image","twitter_site":"@inimexcom","twitter_misc":{"Tiempo de lectura":"2 minutos"},"schema":{"@context":"https:\/\/schema.org","@graph":[{"@type":"Organization","@id":"https:\/\/immigrationeu.es\/#organization","name":"Inimex","url":"https:\/\/immigrationeu.es\/","sameAs":["https:\/\/www.instagram.com\/inimexinimex\/","https:\/\/www.youtube.com\/channel\/UCH-rQw097uvbDUlhya3lz9A","https:\/\/twitter.com\/inimexcom"],"logo":{"@type":"ImageObject","@id":"https:\/\/immigrationeu.es\/#logo","inLanguage":"es","url":"https:\/\/immigrationeu.es\/wp-content\/uploads\/2021\/06\/inimex-es-logo.png","contentUrl":"https:\/\/immigrationeu.es\/wp-content\/uploads\/2021\/06\/inimex-es-logo.png","width":763,"height":420,"caption":"Inimex"},"image":{"@id":"https:\/\/immigrationeu.es\/#logo"}},{"@type":"WebSite","@id":"https:\/\/immigrationeu.es\/#website","url":"https:\/\/immigrationeu.es\/","name":"Immigration EU","description":"","publisher":{"@id":"https:\/\/immigrationeu.es\/#organization"},"potentialAction":[{"@type":"SearchAction","target":{"@type":"EntryPoint","urlTemplate":"https:\/\/immigrationeu.es\/?s={search_term_string}"},"query-input":"required name=search_term_string"}],"inLanguage":"es"},{"@type":"WebPage","@id":"https:\/\/immigrationeu.es\/es\/carreras\/#webpage","url":"https:\/\/immigrationeu.es\/es\/carreras\/","name":"TRABAJO CARRERA RESIDENCIA INMIGRACI\u00d3N VISA","isPartOf":{"@id":"https:\/\/immigrationeu.es\/#website"},"datePublished":"2019-08-22T02:38:12+00:00","dateModified":"2020-12-16T01:06:52+00:00","description":"VISA | INMIGRACI\u00d3N | NEGOCIOS | EMPRESA | RESIDENCIA | TRABAJO | CARRER | INIMEX | CARRER FRANCIA | + 33 621662009 | + 377 607933859","breadcrumb":{"@id":"https:\/\/immigrationeu.es\/es\/carreras\/#breadcrumb"},"inLanguage":"es","potentialAction":[{"@type":"ReadAction","target":["https:\/\/immigrationeu.es\/es\/carreras\/"]}]},{"@type":"BreadcrumbList","@id":"https:\/\/immigrationeu.es\/es\/carreras\/#breadcrumb","itemListElement":[{"@type":"ListItem","position":1,"name":"Home","item":"https:\/\/immigrationeu.es\/es\/"},{"@type":"ListItem","position":2,"name":"Carreras"}]}]}},"_links":{"self":[{"href":"https:\/\/immigrationeu.es\/es\/wp-json\/wp\/v2\/pages\/2217"}],"collection":[{"href":"https:\/\/immigrationeu.es\/es\/wp-json\/wp\/v2\/pages"}],"about":[{"href":"https:\/\/immigrationeu.es\/es\/wp-json\/wp\/v2\/types\/page"}],"author":[{"embeddable":true,"href":"https:\/\/immigrationeu.es\/es\/wp-json\/wp\/v2\/users\/1"}],"replies":[{"embeddable":true,"href":"https:\/\/immigrationeu.es\/es\/wp-json\/wp\/v2\/comments?post=2217"}],"version-history":[{"count":4,"href":"https:\/\/immigrationeu.es\/es\/wp-json\/wp\/v2\/pages\/2217\/revisions"}],"predecessor-version":[{"id":3394,"href":"https:\/\/immigrationeu.es\/es\/wp-json\/wp\/v2\/pages\/2217\/revisions\/3394"}],"wp:attachment":[{"href":"https:\/\/immigrationeu.es\/es\/wp-json\/wp\/v2\/media?parent=2217"}],"curies":[{"name":"wp","href":"https:\/\/api.w.org\/{rel}","templated":true}]}}