{"id":4367,"date":"2021-06-01T01:47:05","date_gmt":"2021-06-01T01:47:05","guid":{"rendered":"https:\/\/immigrationeu.es\/immigration-programs-andora\/"},"modified":"2023-08-16T07:43:18","modified_gmt":"2023-08-16T07:43:18","slug":"andorra-programas-de-inmigracion","status":"publish","type":"page","link":"https:\/\/immigrationeu.es\/es\/andorra-programas-de-inmigracion\/","title":{"rendered":"ANDORRA: PROGRAMAS DE INMIGRACI\u00d3N ANDORRA"},"content":{"rendered":"<p>[vc_row full_width=\u00bbstretch_row\u00bb content_placement=\u00bbtop\u00bb background_position=\u00bbcenter center\u00bb css=\u00bb.vc_custom_1668592080967{padding-top: 80px !important;padding-bottom: 80px !important;background-image: url(https:\/\/immigrationeu.es\/wp-content\/uploads\/2022\/11\/lagos-tristaina-andorra-hotel-roc-meler-1.jpeg?id=6109) !important;background-position: center !important;background-repeat: no-repeat !important;background-size: cover !important;}\u00bb][vc_column width=\u00bb1\/6&#8243;][\/vc_column][vc_column width=\u00bb2\/3&#8243; css=\u00bb.vc_custom_1622511841833{background-color: rgba(20,39,78,0.51) !important;*background-color: rgb(20,39,78) !important;}\u00bb][vc_custom_heading text=\u00bbANDORRA: PROGRAMAS DE INMIGRACI\u00d3N\u00bb font_container=\u00bbtag:h1|font_size:30px|text_align:center|color:%23ffffff|line_height:36px\u00bb use_theme_fonts=\u00bbyes\u00bb css=\u00bb.vc_custom_1691589059419{margin-bottom: 30px !important;}\u00bb][\/vc_column][vc_column width=\u00bb1\/6&#8243;][\/vc_column][\/vc_row][vc_row full_width=\u00bbstretch_row_content\u00bb css=\u00bb.vc_custom_1562694247586{background-color: #f8f9fa !important;}\u00bb][vc_column width=\u00bb3\/4&#8243;][vc_row_inner el_id=\u00bbbox_shadow\u00bb css=\u00bb.vc_custom_1565921267875{margin-right: 0px !important;margin-bottom: 25px !important;margin-left: 0px !important;padding-top: 20px !important;}\u00bb][vc_column_inner width=\u00bb1\/3&#8243;][vc_single_image image=\u00bb6104&#8243; img_size=\u00bbmedium\u00bb alignment=\u00bbcenter\u00bb][\/vc_column_inner][vc_column_inner width=\u00bb2\/3&#8243; css=\u00bb.vc_custom_1565920961366{padding-left: 20px !important;}\u00bb][vc_custom_heading text=\u00bbAndorra: Residencia pasiva\u00bb font_container=\u00bbtag:h2|font_size:20px|text_align:left|color:%23000000|line_height:22px\u00bb google_fonts=\u00bbfont_family:Raleway%3A100%2C200%2C300%2Cregular%2C500%2C600%2C700%2C800%2C900|font_style:600%20bold%20regular%3A600%3Anormal\u00bb css=\u00bb.vc_custom_1668679917339{margin-bottom: 20px !important;}\u00bb][vc_column_text css=\u00bb.vc_custom_1692171731972{margin-bottom: 12px !important;}\u00bb]Con m\u00e1s de 25 a\u00f1os de experiencia, Inimex y <span style=\"color: #0000ff;\"><a style=\"color: #0000ff;\" href=\"https:\/\/www.vip-serveis.com\/es\/home\/\">VIP-Serveis<\/a><\/span> ofrecen soluciones personalizadas y programas de inmigraci\u00f3n para obtener residencia y ciudadan\u00eda europea. Nuestro equipo le guiar\u00e1 en cada etapa hacia el permiso de residencia pasivo en Andorra, ideal para quienes buscan establecerse sin trabajar. Con enfoque personalizado y expertos dedicados, hacemos que el proceso sea fluido y sin estr\u00e9s, garantizando el \u00e9xito de su solicitud.[\/vc_column_text]<div id=\"nitro_custom_css_61622338\" class=\"sc-button \"><a href=\"\/es\/andora-immigration-program-1\/\" title=\"\" target=\"_self\"><span>M\u00e1s informaci\u00f3n<\/span><\/a><\/div>[\/vc_column_inner][\/vc_row_inner][vc_row_inner css=\u00bb.vc_custom_1622512060430{margin-right: 0px !important;margin-bottom: 25px !important;margin-left: 0px !important;padding-top: 20px !important;}\u00bb el_id=\u00bbbox_shadow\u00bb][vc_column_inner width=\u00bb1\/3&#8243;][vc_single_image image=\u00bb6069&#8243; img_size=\u00bbmedium\u00bb alignment=\u00bbcenter\u00bb][\/vc_column_inner][vc_column_inner width=\u00bb2\/3&#8243; css=\u00bb.vc_custom_1565920961366{padding-left: 20px !important;}\u00bb][vc_custom_heading text=\u00bbAndorra: Inmigraci\u00f3n para empresarios\u00bb font_container=\u00bbtag:h2|font_size:20px|text_align:left|color:%23000000|line_height:22px\u00bb google_fonts=\u00bbfont_family:Raleway%3A100%2C200%2C300%2Cregular%2C500%2C600%2C700%2C800%2C900|font_style:600%20bold%20regular%3A600%3Anormal\u00bb css=\u00bb.vc_custom_1668679927860{margin-bottom: 20px !important;}\u00bb][vc_column_text css=\u00bb.vc_custom_1683125204942{margin-bottom: 12px !important;}\u00bb]Este procedimiento de inmigraci\u00f3n es ideal para empresarios internacionales que obtienen la mayor parte de sus ingresos fuera de Andorra. El programa est\u00e1 dise\u00f1ado para aquellos que se centran principalmente en transacciones internacionales, con el fin de cumplir con los requisitos del programa de inmigraci\u00f3n. Nuestro equipo de expertos en Inimex y <a href=\"https:\/\/www.vip-serveis.com\/es\/home\/\">VIP Serveis<\/a> planificar\u00e1 y propondr\u00e1 nuevas iniciativas, en l\u00ednea con las normativas vigentes en Andorra. Estaremos a su lado en cada paso del proceso, para representarle, guiarle y asistirle en todo lo que necesite.[\/vc_column_text]<div id=\"nitro_custom_css_2130347487\" class=\"sc-button \"><a href=\"\/es\/andora-immigration-program-2\/\" title=\"\" target=\"_self\"><span>M\u00e1s informaci\u00f3n<\/span><\/a><\/div>[\/vc_column_inner][\/vc_row_inner][vc_row_inner css=\u00bb.vc_custom_1622512469146{margin-right: 0px !important;margin-bottom: 25px !important;margin-left: 0px !important;padding-top: 20px !important;}\u00bb el_id=\u00bbbox_shadow\u00bb][vc_column_inner width=\u00bb1\/3&#8243;][vc_single_image image=\u00bb6079&#8243; img_size=\u00bbmedium\u00bb alignment=\u00bbcenter\u00bb][\/vc_column_inner][vc_column_inner width=\u00bb2\/3&#8243; css=\u00bb.vc_custom_1565920961366{padding-left: 20px !important;}\u00bb][vc_custom_heading text=\u00bbAndorra: Inmigraci\u00f3n para artistas, atletas y cient\u00edficos\u00bb font_container=\u00bbtag:h2|font_size:20px|text_align:left|color:%23000000|line_height:22px\u00bb google_fonts=\u00bbfont_family:Raleway%3A100%2C200%2C300%2Cregular%2C500%2C600%2C700%2C800%2C900|font_style:600%20bold%20regular%3A600%3Anormal\u00bb css=\u00bb.vc_custom_1668679936012{margin-bottom: 20px !important;}\u00bb][vc_column_text css=\u00bb.vc_custom_1683562384063{margin-bottom: 12px !important;}\u00bb]Cient\u00edficos, artistas o deportistas de renombre internacional deben demostrar su reconocimiento por el talento, su posici\u00f3n internacional y logros, as\u00ed como una fuente de ingresos para poder mantenerse en Andorra. Es posible que individuos pr\u00f3speros que trabajen en campos culturales, deportivos y cient\u00edficos se establezcan en Andorra. Inimex-<a href=\"https:\/\/www.vip-serveis.com\/\">VIP Serveis<\/a> proporciona un amplio espectro de servicios de inmigraci\u00f3n para aquellos interesados en mudarse a Andorra. Adem\u00e1s de nuestros servicios est\u00e1ndar, ofrecemos un apoyo personalizado durante todo el proceso de solicitud.[\/vc_column_text]<div id=\"nitro_custom_css_1129556530\" class=\"sc-button \"><a href=\"\/es\/andora-immigration-program-3\/\" title=\"\" target=\"_self\"><span>M\u00e1s informaci\u00f3n<\/span><\/a><\/div>[\/vc_column_inner][\/vc_row_inner][vc_row_inner el_id=\u00bbbox_shadow\u00bb css=\u00bb.vc_custom_1691745796040{margin-right: 0px !important;margin-bottom: 25px !important;margin-left: 0px !important;padding-top: 20px !important;}\u00bb][vc_column_inner width=\u00bb1\/3&#8243;][vc_single_image image=\u00bb7360&#8243; img_size=\u00bbmedium\u00bb alignment=\u00bbcenter\u00bb][\/vc_column_inner][vc_column_inner width=\u00bb2\/3&#8243;][vc_custom_heading text=\u00bbAndorra: Visa para N\u00f3madas Digitales\u00bb font_container=\u00bbtag:h2|font_size:20px|text_align:left|color:%23000000|line_height:22px\u00bb google_fonts=\u00bbfont_family:Raleway%3A100%2C200%2C300%2Cregular%2C500%2C600%2C700%2C800%2C900|font_style:600%20bold%20regular%3A600%3Anormal\u00bb css=\u00bb.vc_custom_1691745567999{margin-bottom: 20px !important;}\u00bb][vc_column_text css=\u00bb.vc_custom_1691745625070{margin-bottom: 12px !important;}\u00bb]El visado de n\u00f3mada digital para Andorra ofrece una oportunidad excepcional para los innovadores globales cuyos ingresos principales se generan m\u00e1s all\u00e1 de las fronteras de Andorra. Este programa \u00fanico est\u00e1 dirigido a personas que participan en proyectos empresariales transfronterizos y se ajusta perfectamente a los requisitos previos del marco de inmigraci\u00f3n. En Inimex y <a href=\"https:\/\/www.vip-serveis.com\/\">VIP Serveis<\/a>, nuestro competente equipo de especialistas est\u00e1 preparado para elaborar estrategias e introducir nuevas empresas en perfecta consonancia con la normativa vigente en Andorra. A lo largo de este viaje, nos mantenemos firmemente a su lado, asumiendo el papel de su defensor, mentor y facilitador, asegurando que cada faceta se aborda meticulosamente para simplificar y mejorar su experiencia.[\/vc_column_text]<div id=\"nitro_custom_css_767538214\" class=\"sc-button \"><a href=\"https:\/\/immigrationeu.es\/es\/andorra-visa-para-nomadas-digitales\/\" title=\"\" target=\"_self\"><span>M\u00e1s informaci\u00f3n<\/span><\/a><\/div>[\/vc_column_inner][\/vc_row_inner][vc_empty_space][\/vc_column][vc_column width=\u00bb1\/4&#8243;][vc_row_inner][vc_column_inner][vc_widget_sidebar sidebar_id=\u00bbnitro-sidebar-34&#8243; el_id=\u00bbbox_shadow_padding\u00bb][\/vc_column_inner][\/vc_row_inner][vc_widget_sidebar sidebar_id=\u00bbnitro-sidebar-3&#8243; el_id=\u00bbbox_shadow_padding\u00bb][\/vc_column][\/vc_row][vc_row full_width=\u00bbstretch_row\u00bb background_position=\u00bbright top\u00bb css=\u00bb.vc_custom_1622511869722{padding-top: 40px !important;padding-bottom: 20px !important;background-color: #14274e !important;background-position: center !important;background-repeat: no-repeat !important;background-size: cover !important;}\u00bb][vc_column width=\u00bb1\/4&#8243; css=\u00bb.vc_custom_1562383084786{margin-bottom: 30px !important;}\u00bb][vc_widget_sidebar sidebar_id=\u00bbnitro-sidebar-51&#8243;][\/vc_column][vc_column width=\u00bb1\/3&#8243; css=\u00bb.vc_custom_1562383090392{margin-bottom: 30px !important;}\u00bb][vc_widget_sidebar sidebar_id=\u00bbnitro-sidebar-52&#8243;][\/vc_column][vc_column width=\u00bb1\/3&#8243; css=\u00bb.vc_custom_1562383096710{margin-bottom: 30px !important;}\u00bb][vc_widget_sidebar sidebar_id=\u00bbnitro-sidebar-53&#8243;][\/vc_column][\/vc_row][vc_row full_width=\u00bbstretch_row\u00bb content_placement=\u00bbmiddle\u00bb css=\u00bb.vc_custom_1606925812237{background-color: #f8f9fa !important;}\u00bb][vc_column width=\u00bb1\/2&#8243;][vc_column_text css=\u00bb.vc_custom_1606926041350{margin-top: 0px !important;margin-bottom: 0px !important;}\u00bb]\n<div class=\"wpml-ls-statics-footer wpml-ls wpml-ls-legacy-list-horizontal\">\n\t<ul><li class=\"wpml-ls-slot-footer wpml-ls-item wpml-ls-item-es wpml-ls-current-language wpml-ls-item-legacy-list-horizontal\">\n\t\t\t\t<a href=\"https:\/\/immigrationeu.es\/es\/\" class=\"wpml-ls-link\">\n                                                        <img decoding=\"async\"\n            class=\"wpml-ls-flag\"\n            src=\"https:\/\/immigrationeu.es\/wp-content\/plugins\/sitepress-multilingual-cms\/res\/flags\/es.png\"\n            alt=\"\"\n            width=18\n            height=12\n    \/><span class=\"wpml-ls-native\">Espa\u00f1ol<\/span><\/a>\n\t\t\t<\/li><li class=\"wpml-ls-slot-footer wpml-ls-item wpml-ls-item-en wpml-ls-first-item wpml-ls-item-legacy-list-horizontal\">\n\t\t\t\t<a href=\"https:\/\/immigrationeu.es\" class=\"wpml-ls-link\">\n                                                        <img decoding=\"async\"\n            class=\"wpml-ls-flag\"\n            src=\"https:\/\/immigrationeu.es\/wp-content\/plugins\/sitepress-multilingual-cms\/res\/flags\/en.png\"\n            alt=\"\"\n            width=18\n            height=12\n    \/><span class=\"wpml-ls-native\" lang=\"en\">English<\/span><\/a>\n\t\t\t<\/li><li class=\"wpml-ls-slot-footer wpml-ls-item wpml-ls-item-fr wpml-ls-item-legacy-list-horizontal\">\n\t\t\t\t<a href=\"https:\/\/immigrationeu.es\/fr\/\" class=\"wpml-ls-link\">\n                                                        <img decoding=\"async\"\n            class=\"wpml-ls-flag\"\n            src=\"https:\/\/immigrationeu.es\/wp-content\/plugins\/sitepress-multilingual-cms\/res\/flags\/fr.png\"\n            alt=\"\"\n            width=18\n            height=12\n    \/><span class=\"wpml-ls-native\" lang=\"fr\">Fran\u00e7ais<\/span><\/a>\n\t\t\t<\/li><li class=\"wpml-ls-slot-footer wpml-ls-item wpml-ls-item-ru wpml-ls-item-legacy-list-horizontal\">\n\t\t\t\t<a href=\"https:\/\/immigrationeu.es\/ru\/\" class=\"wpml-ls-link\">\n                                                        <img decoding=\"async\"\n            class=\"wpml-ls-flag\"\n            src=\"https:\/\/immigrationeu.es\/wp-content\/plugins\/sitepress-multilingual-cms\/res\/flags\/ru.png\"\n            alt=\"\"\n            width=18\n            height=12\n    \/><span class=\"wpml-ls-native\" lang=\"ru\">\u0420\u0443\u0441\u0441\u043a\u0438\u0439<\/span><\/a>\n\t\t\t<\/li><li class=\"wpml-ls-slot-footer wpml-ls-item wpml-ls-item-cn wpml-ls-last-item wpml-ls-item-legacy-list-horizontal\">\n\t\t\t\t<a href=\"https:\/\/immigrationeu.es\/cn\/\" class=\"wpml-ls-link\">\n                                                        <img decoding=\"async\"\n            class=\"wpml-ls-flag\"\n            src=\"https:\/\/immigrationeu.es\/wp-content\/uploads\/flags\/cn.png\"\n            alt=\"\"\n            width=18\n            height=12\n    \/><span class=\"wpml-ls-native\" lang=\"cn\">Chinese <\/span><\/a>\n\t\t\t<\/li><\/ul>\n<\/div>\n[\/vc_column_text][\/vc_column][vc_column width=\u00bb1\/2&#8243;][vc_widget_sidebar sidebar_id=\u00bbnitro-sidebar-54&#8243;][\/vc_column][\/vc_row]<\/p>\n","protected":false},"excerpt":{"rendered":"<p>[vc_row full_width=\u00bbstretch_row\u00bb content_placement=\u00bbtop\u00bb background_position=\u00bbcenter center\u00bb css=\u00bb.vc_custom_1668592080967{padding-top: 80px !important;padding-bottom: 80px !important;background-image: url(https:\/\/immigrationeu.es\/wp-content\/uploads\/2022\/11\/lagos-tristaina-andorra-hotel-roc-meler-1.jpeg?id=6109) !important;background-position: center !important;background-repeat: no-repeat !important;background-size: cover !important;}\u00bb][vc_column width=\u00bb1\/6&#8243;][\/vc_column][vc_column width=\u00bb2\/3&#8243; css=\u00bb.vc_custom_1622511841833{background-color: rgba(20,39,78,0.51) !important;*background-color: rgb(20,39,78) !important;}\u00bb][vc_custom_heading text=\u00bbANDORRA: PROGRAMAS DE INMIGRACI\u00d3N\u00bb font_container=\u00bbtag:h1|font_size:30px|text_align:center|color:%23ffffff|line_height:36px\u00bb use_theme_fonts=\u00bbyes\u00bb css=\u00bb.vc_custom_1691589059419{margin-bottom: 30px !important;}\u00bb][\/vc_column][vc_column width=\u00bb1\/6&#8243;][\/vc_column][\/vc_row][vc_row full_width=\u00bbstretch_row_content\u00bb css=\u00bb.vc_custom_1562694247586{background-color: #f8f9fa !important;}\u00bb][vc_column width=\u00bb3\/4&#8243;][vc_row_inner el_id=\u00bbbox_shadow\u00bb css=\u00bb.vc_custom_1565921267875{margin-right: 0px !important;margin-bottom: 25px !important;margin-left: 0px !important;padding-top: 20px !important;}\u00bb][vc_column_inner width=\u00bb1\/3&#8243;][vc_single_image image=\u00bb6104&#8243; img_size=\u00bbmedium\u00bb alignment=\u00bbcenter\u00bb][\/vc_column_inner][vc_column_inner width=\u00bb2\/3&#8243; [&hellip;]<\/p>\n","protected":false},"author":1,"featured_media":0,"parent":0,"menu_order":0,"comment_status":"closed","ping_status":"closed","template":"","meta":{"footnotes":""},"yoast_head":"<!-- This site is optimized with the Yoast SEO plugin v17.2 - https:\/\/yoast.com\/wordpress\/plugins\/seo\/ -->\n<title>Andorra: Programas de inmigraci\u00f3n, Espa\u00f1a, Portugal, Grecia, Brasil<\/title>\n<meta name=\"description\" content=\"Inimex Inc.: Programas de inmigraci\u00f3n y residencia para Andorra, Espa\u00f1a, Portugal, Grecia, Costa Rica y Brasil +376 325 487 | +337 681 523 00\" \/>\n<meta name=\"robots\" content=\"index, follow, max-snippet:-1, max-image-preview:large, max-video-preview:-1\" \/>\n<link rel=\"canonical\" href=\"https:\/\/immigrationeu.es\/es\/andorra-programas-de-inmigracion\/\" \/>\n<meta property=\"og:locale\" content=\"es_ES\" \/>\n<meta property=\"og:type\" content=\"article\" \/>\n<meta property=\"og:title\" content=\"Andorra: Programas de inmigraci\u00f3n, Espa\u00f1a, Portugal, Grecia, Brasil\" \/>\n<meta property=\"og:description\" content=\"Inimex Inc.: Programas de inmigraci\u00f3n y residencia para Andorra, Espa\u00f1a, Portugal, Grecia, Costa Rica y Brasil +376 325 487 | +337 681 523 00\" \/>\n<meta property=\"og:url\" content=\"https:\/\/immigrationeu.es\/es\/andorra-programas-de-inmigracion\/\" \/>\n<meta property=\"og:site_name\" content=\"Immigration EU\" \/>\n<meta property=\"article:modified_time\" content=\"2023-08-16T07:43:18+00:00\" \/>\n<meta property=\"og:image\" content=\"https:\/\/immigrationeu.es\/wp-content\/uploads\/2021\/06\/inimex-es-logo.png\" \/>\n\t<meta property=\"og:image:width\" content=\"763\" \/>\n\t<meta property=\"og:image:height\" content=\"420\" \/>\n<meta name=\"twitter:card\" content=\"summary_large_image\" \/>\n<meta name=\"twitter:site\" content=\"@inimexcom\" \/>\n<meta name=\"twitter:label1\" content=\"Tiempo de lectura\" \/>\n\t<meta name=\"twitter:data1\" content=\"3 minutos\" \/>\n<script type=\"application\/ld+json\" class=\"yoast-schema-graph\">{\"@context\":\"https:\/\/schema.org\",\"@graph\":[{\"@type\":\"Organization\",\"@id\":\"https:\/\/immigrationeu.es\/#organization\",\"name\":\"Inimex\",\"url\":\"https:\/\/immigrationeu.es\/\",\"sameAs\":[\"https:\/\/www.instagram.com\/inimexinimex\/\",\"https:\/\/www.youtube.com\/channel\/UCH-rQw097uvbDUlhya3lz9A\",\"https:\/\/twitter.com\/inimexcom\"],\"logo\":{\"@type\":\"ImageObject\",\"@id\":\"https:\/\/immigrationeu.es\/#logo\",\"inLanguage\":\"es\",\"url\":\"https:\/\/immigrationeu.es\/wp-content\/uploads\/2021\/06\/inimex-es-logo.png\",\"contentUrl\":\"https:\/\/immigrationeu.es\/wp-content\/uploads\/2021\/06\/inimex-es-logo.png\",\"width\":763,\"height\":420,\"caption\":\"Inimex\"},\"image\":{\"@id\":\"https:\/\/immigrationeu.es\/#logo\"}},{\"@type\":\"WebSite\",\"@id\":\"https:\/\/immigrationeu.es\/#website\",\"url\":\"https:\/\/immigrationeu.es\/\",\"name\":\"Immigration EU\",\"description\":\"\",\"publisher\":{\"@id\":\"https:\/\/immigrationeu.es\/#organization\"},\"potentialAction\":[{\"@type\":\"SearchAction\",\"target\":{\"@type\":\"EntryPoint\",\"urlTemplate\":\"https:\/\/immigrationeu.es\/?s={search_term_string}\"},\"query-input\":\"required name=search_term_string\"}],\"inLanguage\":\"es\"},{\"@type\":\"WebPage\",\"@id\":\"https:\/\/immigrationeu.es\/es\/andorra-programas-de-inmigracion\/#webpage\",\"url\":\"https:\/\/immigrationeu.es\/es\/andorra-programas-de-inmigracion\/\",\"name\":\"Andorra: Programas de inmigraci\\u00f3n, Espa\\u00f1a, Portugal, Grecia, Brasil\",\"isPartOf\":{\"@id\":\"https:\/\/immigrationeu.es\/#website\"},\"datePublished\":\"2021-06-01T01:47:05+00:00\",\"dateModified\":\"2023-08-16T07:43:18+00:00\",\"description\":\"Inimex Inc.: Programas de inmigraci\\u00f3n y residencia para Andorra, Espa\\u00f1a, Portugal, Grecia, Costa Rica y Brasil +376 325 487 | +337 681 523 00\",\"breadcrumb\":{\"@id\":\"https:\/\/immigrationeu.es\/es\/andorra-programas-de-inmigracion\/#breadcrumb\"},\"inLanguage\":\"es\",\"potentialAction\":[{\"@type\":\"ReadAction\",\"target\":[\"https:\/\/immigrationeu.es\/es\/andorra-programas-de-inmigracion\/\"]}]},{\"@type\":\"BreadcrumbList\",\"@id\":\"https:\/\/immigrationeu.es\/es\/andorra-programas-de-inmigracion\/#breadcrumb\",\"itemListElement\":[{\"@type\":\"ListItem\",\"position\":1,\"name\":\"Home\",\"item\":\"https:\/\/immigrationeu.es\/es\/\"},{\"@type\":\"ListItem\",\"position\":2,\"name\":\"ANDORRA: PROGRAMAS DE INMIGRACI\\u00d3N ANDORRA\"}]}]}<\/script>\n<!-- \/ Yoast SEO plugin. -->","yoast_head_json":{"title":"Andorra: Programas de inmigraci\u00f3n, Espa\u00f1a, Portugal, Grecia, Brasil","description":"Inimex Inc.: Programas de inmigraci\u00f3n y residencia para Andorra, Espa\u00f1a, Portugal, Grecia, Costa Rica y Brasil +376 325 487 | +337 681 523 00","robots":{"index":"index","follow":"follow","max-snippet":"max-snippet:-1","max-image-preview":"max-image-preview:large","max-video-preview":"max-video-preview:-1"},"canonical":"https:\/\/immigrationeu.es\/es\/andorra-programas-de-inmigracion\/","og_locale":"es_ES","og_type":"article","og_title":"Andorra: Programas de inmigraci\u00f3n, Espa\u00f1a, Portugal, Grecia, Brasil","og_description":"Inimex Inc.: Programas de inmigraci\u00f3n y residencia para Andorra, Espa\u00f1a, Portugal, Grecia, Costa Rica y Brasil +376 325 487 | +337 681 523 00","og_url":"https:\/\/immigrationeu.es\/es\/andorra-programas-de-inmigracion\/","og_site_name":"Immigration EU","article_modified_time":"2023-08-16T07:43:18+00:00","og_image":[{"width":763,"height":420,"url":"https:\/\/immigrationeu.es\/wp-content\/uploads\/2021\/06\/inimex-es-logo.png","path":"\/home\/immigra9\/immigrationeu.es\/wp-content\/uploads\/2021\/06\/inimex-es-logo.png","size":"full","id":4109,"alt":"","pixels":320460,"type":"image\/png"}],"twitter_card":"summary_large_image","twitter_site":"@inimexcom","twitter_misc":{"Tiempo de lectura":"3 minutos"},"schema":{"@context":"https:\/\/schema.org","@graph":[{"@type":"Organization","@id":"https:\/\/immigrationeu.es\/#organization","name":"Inimex","url":"https:\/\/immigrationeu.es\/","sameAs":["https:\/\/www.instagram.com\/inimexinimex\/","https:\/\/www.youtube.com\/channel\/UCH-rQw097uvbDUlhya3lz9A","https:\/\/twitter.com\/inimexcom"],"logo":{"@type":"ImageObject","@id":"https:\/\/immigrationeu.es\/#logo","inLanguage":"es","url":"https:\/\/immigrationeu.es\/wp-content\/uploads\/2021\/06\/inimex-es-logo.png","contentUrl":"https:\/\/immigrationeu.es\/wp-content\/uploads\/2021\/06\/inimex-es-logo.png","width":763,"height":420,"caption":"Inimex"},"image":{"@id":"https:\/\/immigrationeu.es\/#logo"}},{"@type":"WebSite","@id":"https:\/\/immigrationeu.es\/#website","url":"https:\/\/immigrationeu.es\/","name":"Immigration EU","description":"","publisher":{"@id":"https:\/\/immigrationeu.es\/#organization"},"potentialAction":[{"@type":"SearchAction","target":{"@type":"EntryPoint","urlTemplate":"https:\/\/immigrationeu.es\/?s={search_term_string}"},"query-input":"required name=search_term_string"}],"inLanguage":"es"},{"@type":"WebPage","@id":"https:\/\/immigrationeu.es\/es\/andorra-programas-de-inmigracion\/#webpage","url":"https:\/\/immigrationeu.es\/es\/andorra-programas-de-inmigracion\/","name":"Andorra: Programas de inmigraci\u00f3n, Espa\u00f1a, Portugal, Grecia, Brasil","isPartOf":{"@id":"https:\/\/immigrationeu.es\/#website"},"datePublished":"2021-06-01T01:47:05+00:00","dateModified":"2023-08-16T07:43:18+00:00","description":"Inimex Inc.: Programas de inmigraci\u00f3n y residencia para Andorra, Espa\u00f1a, Portugal, Grecia, Costa Rica y Brasil +376 325 487 | +337 681 523 00","breadcrumb":{"@id":"https:\/\/immigrationeu.es\/es\/andorra-programas-de-inmigracion\/#breadcrumb"},"inLanguage":"es","potentialAction":[{"@type":"ReadAction","target":["https:\/\/immigrationeu.es\/es\/andorra-programas-de-inmigracion\/"]}]},{"@type":"BreadcrumbList","@id":"https:\/\/immigrationeu.es\/es\/andorra-programas-de-inmigracion\/#breadcrumb","itemListElement":[{"@type":"ListItem","position":1,"name":"Home","item":"https:\/\/immigrationeu.es\/es\/"},{"@type":"ListItem","position":2,"name":"ANDORRA: PROGRAMAS DE INMIGRACI\u00d3N ANDORRA"}]}]}},"_links":{"self":[{"href":"https:\/\/immigrationeu.es\/es\/wp-json\/wp\/v2\/pages\/4367"}],"collection":[{"href":"https:\/\/immigrationeu.es\/es\/wp-json\/wp\/v2\/pages"}],"about":[{"href":"https:\/\/immigrationeu.es\/es\/wp-json\/wp\/v2\/types\/page"}],"author":[{"embeddable":true,"href":"https:\/\/immigrationeu.es\/es\/wp-json\/wp\/v2\/users\/1"}],"replies":[{"embeddable":true,"href":"https:\/\/immigrationeu.es\/es\/wp-json\/wp\/v2\/comments?post=4367"}],"version-history":[{"count":31,"href":"https:\/\/immigrationeu.es\/es\/wp-json\/wp\/v2\/pages\/4367\/revisions"}],"predecessor-version":[{"id":7598,"href":"https:\/\/immigrationeu.es\/es\/wp-json\/wp\/v2\/pages\/4367\/revisions\/7598"}],"wp:attachment":[{"href":"https:\/\/immigrationeu.es\/es\/wp-json\/wp\/v2\/media?parent=4367"}],"curies":[{"name":"wp","href":"https:\/\/api.w.org\/{rel}","templated":true}]}}