{"id":4535,"date":"2021-06-01T01:56:39","date_gmt":"2021-06-01T01:56:39","guid":{"rendered":"https:\/\/immigrationeu.es\/immigration-programs-portugal\/"},"modified":"2023-08-10T14:43:07","modified_gmt":"2023-08-10T14:43:07","slug":"portugal-programas-inmigracion","status":"publish","type":"page","link":"https:\/\/immigrationeu.es\/es\/portugal-programas-inmigracion\/","title":{"rendered":"Portugal: Programas de Inmigraci\u00f3n"},"content":{"rendered":"<p>[vc_row full_width=\u00bbstretch_row\u00bb content_placement=\u00bbtop\u00bb background_position=\u00bbcenter center\u00bb css=\u00bb.vc_custom_1668420462641{padding-top: 80px !important;padding-bottom: 80px !important;background-image: url(https:\/\/immigrationeu.es\/wp-content\/uploads\/2021\/10\/portugal-ga19827930_1920.jpeg?id=4849) !important;background-position: center !important;background-repeat: no-repeat !important;background-size: cover !important;}\u00bb][vc_column width=\u00bb1\/6&#8243;][\/vc_column][vc_column width=\u00bb2\/3&#8243; css=\u00bb.vc_custom_1622511841833{background-color: rgba(20,39,78,0.51) !important;*background-color: rgb(20,39,78) !important;}\u00bb][vc_custom_heading text=\u00bbPROGRAMAS DE INMIGRACI\u00d3N DE PORTUGAL\u00bb font_container=\u00bbtag:h1|font_size:30px|text_align:center|color:%23ffffff|line_height:36px\u00bb use_theme_fonts=\u00bbyes\u00bb css=\u00bb.vc_custom_1668433981738{margin-bottom: 30px !important;}\u00bb][\/vc_column][vc_column width=\u00bb1\/6&#8243;][\/vc_column][\/vc_row][vc_row full_width=\u00bbstretch_row_content\u00bb css=\u00bb.vc_custom_1562694247586{background-color: #f8f9fa !important;}\u00bb][vc_column width=\u00bb3\/4&#8243;][vc_row_inner el_id=\u00bbbox_shadow\u00bb css=\u00bb.vc_custom_1565921267875{margin-right: 0px !important;margin-bottom: 25px !important;margin-left: 0px !important;padding-top: 20px !important;}\u00bb][vc_column_inner width=\u00bb1\/3&#8243;][vc_single_image image=\u00bb3929&#8243; img_size=\u00bbmedium\u00bb alignment=\u00bbcenter\u00bb][\/vc_column_inner][vc_column_inner width=\u00bb2\/3&#8243; css=\u00bb.vc_custom_1565920961366{padding-left: 20px !important;}\u00bb][vc_custom_heading text=\u00bbPortugal: Inmigraci\u00f3n por inversi\u00f3n\u00bb font_container=\u00bbtag:h2|font_size:20px|text_align:left|color:%23000000|line_height:22px\u00bb google_fonts=\u00bbfont_family:Raleway%3A100%2C200%2C300%2Cregular%2C500%2C600%2C700%2C800%2C900|font_style:600%20bold%20regular%3A600%3Anormal\u00bb css=\u00bb.vc_custom_1668433966204{margin-bottom: 20px !important;}\u00bb][vc_column_text css=\u00bb.vc_custom_1691664604930{margin-bottom: 12px !important;}\u00bb]El Gobierno de Portugal, con la intenci\u00f3n de atraer inversiones extranjeras, cre\u00f3 el permiso de residencia Golden Visa, que entr\u00f3 en vigor el 8 de octubre de 2012.<br \/>\nEsta categor\u00eda popular est\u00e1 abierta para ciudadanos fuera de la Uni\u00f3n Europea que quieran hacer una inversi\u00f3n en Portugal. Inimex Inc. y <span style=\"color: #0000ff;\"><a style=\"color: #0000ff;\" href=\"https:\/\/www.vip-serveis.com\/es\/home\/\">VIP Serveis S.L.<\/a><\/span> ofrece varios programas de inmigraci\u00f3n y tiene una amplia experiencia con clientes que obtienen la residencia portuguesa con este programa. Podemos ayudarlo en casi todos los aspectos: consulta preliminar, recopilaci\u00f3n de documentos, traducci\u00f3n masiva, entrega de solicitudes y mucho m\u00e1s. Los detalles de la Golden Visa se pueden encontrar a continuaci\u00f3n.[\/vc_column_text]<div id=\"nitro_custom_css_1981729285\" class=\"sc-button \"><a href=\"\/es\/portugal-immigration-program-1\/\" title=\"\" target=\"_self\"><span>M\u00e1s informaci\u00f3n<\/span><\/a><\/div>[\/vc_column_inner][\/vc_row_inner][vc_row_inner css=\u00bb.vc_custom_1622512060430{margin-right: 0px !important;margin-bottom: 25px !important;margin-left: 0px !important;padding-top: 20px !important;}\u00bb el_id=\u00bbbox_shadow\u00bb][vc_column_inner width=\u00bb1\/3&#8243;][vc_single_image image=\u00bb3935&#8243; img_size=\u00bbmedium\u00bb alignment=\u00bbcenter\u00bb][\/vc_column_inner][vc_column_inner width=\u00bb2\/3&#8243; css=\u00bb.vc_custom_1565920961366{padding-left: 20px !important;}\u00bb][vc_custom_heading text=\u00bbPortugal: Inmigraci\u00f3n para personas econ\u00f3micamente independientes (D7)\u00bb font_container=\u00bbtag:h2|font_size:20px|text_align:left|color:%23000000|line_height:22px\u00bb google_fonts=\u00bbfont_family:Raleway%3A100%2C200%2C300%2Cregular%2C500%2C600%2C700%2C800%2C900|font_style:600%20bold%20regular%3A600%3Anormal\u00bb css=\u00bb.vc_custom_1669047827103{margin-bottom: 20px !important;}\u00bb][vc_column_text css=\u00bb.vc_custom_1691664992261{margin-bottom: 12px !important;}\u00bb]La visa D7, tambi\u00e9n conocida como visa de ingresos pasivos, es una visa especial que otorga derechos de residencia a extranjeros.<br \/>\nAtrae especialmente a jubilados extranjeros, inversores, trabajadores remotos y trabajadores independientes que viven de sus ingresos mensuales. Es por eso que tambi\u00e9n se llama visa de ingresos pasivos. En Inimex Portugal y VIP Serveis Portugal, usted podr\u00e1 escoger entre diferentes programas de inmigraci\u00f3n en Portugal. <span style=\"font-weight: 400;\">El pa\u00eds ha atra\u00eddo a reci\u00e9n llegados en los \u00faltimos a\u00f1os por su clima agradable, su cultura \u00fanica, su econom\u00eda avanzada y su elevado estilo de vida. Tambi\u00e9n figura en los primeros puestos en cuanto a libertad moral, paz, democracia y prosperidad.<\/span>[\/vc_column_text]<div id=\"nitro_custom_css_739225725\" class=\"sc-button \"><a href=\"\/es\/portugal-immigration-program-2\/\" title=\"\" target=\"_self\"><span>M\u00e1s informaci\u00f3n<\/span><\/a><\/div>[\/vc_column_inner][\/vc_row_inner][vc_empty_space][\/vc_column][vc_column width=\u00bb1\/4&#8243;][vc_row_inner][vc_column_inner][vc_widget_sidebar sidebar_id=\u00bbnitro-sidebar-34&#8243; el_id=\u00bbbox_shadow_padding\u00bb][\/vc_column_inner][\/vc_row_inner][vc_widget_sidebar sidebar_id=\u00bbnitro-sidebar-3&#8243; el_id=\u00bbbox_shadow_padding\u00bb][\/vc_column][\/vc_row][vc_row full_width=\u00bbstretch_row\u00bb background_position=\u00bbright top\u00bb css=\u00bb.vc_custom_1622511869722{padding-top: 40px !important;padding-bottom: 20px !important;background-color: #14274e !important;background-position: center !important;background-repeat: no-repeat !important;background-size: cover !important;}\u00bb][vc_column width=\u00bb1\/4&#8243; css=\u00bb.vc_custom_1562383084786{margin-bottom: 30px !important;}\u00bb][vc_widget_sidebar sidebar_id=\u00bbnitro-sidebar-51&#8243;][\/vc_column][vc_column width=\u00bb1\/3&#8243; css=\u00bb.vc_custom_1562383090392{margin-bottom: 30px !important;}\u00bb][vc_widget_sidebar sidebar_id=\u00bbnitro-sidebar-52&#8243;][\/vc_column][vc_column width=\u00bb1\/3&#8243; css=\u00bb.vc_custom_1562383096710{margin-bottom: 30px !important;}\u00bb][vc_widget_sidebar sidebar_id=\u00bbnitro-sidebar-53&#8243;][\/vc_column][\/vc_row][vc_row full_width=\u00bbstretch_row\u00bb content_placement=\u00bbmiddle\u00bb css=\u00bb.vc_custom_1606925812237{background-color: #f8f9fa !important;}\u00bb][vc_column width=\u00bb1\/2&#8243;][vc_column_text css=\u00bb.vc_custom_1606926041350{margin-top: 0px !important;margin-bottom: 0px !important;}\u00bb]\n<div class=\"wpml-ls-statics-footer wpml-ls wpml-ls-legacy-list-horizontal\">\n\t<ul><li class=\"wpml-ls-slot-footer wpml-ls-item wpml-ls-item-es wpml-ls-current-language wpml-ls-item-legacy-list-horizontal\">\n\t\t\t\t<a href=\"https:\/\/immigrationeu.es\/es\/\" class=\"wpml-ls-link\">\n                                                        <img decoding=\"async\"\n            class=\"wpml-ls-flag\"\n            src=\"https:\/\/immigrationeu.es\/wp-content\/plugins\/sitepress-multilingual-cms\/res\/flags\/es.png\"\n            alt=\"\"\n            width=18\n            height=12\n    \/><span class=\"wpml-ls-native\">Espa\u00f1ol<\/span><\/a>\n\t\t\t<\/li><li class=\"wpml-ls-slot-footer wpml-ls-item wpml-ls-item-en wpml-ls-first-item wpml-ls-item-legacy-list-horizontal\">\n\t\t\t\t<a href=\"https:\/\/immigrationeu.es\" class=\"wpml-ls-link\">\n                                                        <img decoding=\"async\"\n            class=\"wpml-ls-flag\"\n            src=\"https:\/\/immigrationeu.es\/wp-content\/plugins\/sitepress-multilingual-cms\/res\/flags\/en.png\"\n            alt=\"\"\n            width=18\n            height=12\n    \/><span class=\"wpml-ls-native\" lang=\"en\">English<\/span><\/a>\n\t\t\t<\/li><li class=\"wpml-ls-slot-footer wpml-ls-item wpml-ls-item-fr wpml-ls-item-legacy-list-horizontal\">\n\t\t\t\t<a href=\"https:\/\/immigrationeu.es\/fr\/\" class=\"wpml-ls-link\">\n                                                        <img decoding=\"async\"\n            class=\"wpml-ls-flag\"\n            src=\"https:\/\/immigrationeu.es\/wp-content\/plugins\/sitepress-multilingual-cms\/res\/flags\/fr.png\"\n            alt=\"\"\n            width=18\n            height=12\n    \/><span class=\"wpml-ls-native\" lang=\"fr\">Fran\u00e7ais<\/span><\/a>\n\t\t\t<\/li><li class=\"wpml-ls-slot-footer wpml-ls-item wpml-ls-item-ru wpml-ls-item-legacy-list-horizontal\">\n\t\t\t\t<a href=\"https:\/\/immigrationeu.es\/ru\/\" class=\"wpml-ls-link\">\n                                                        <img decoding=\"async\"\n            class=\"wpml-ls-flag\"\n            src=\"https:\/\/immigrationeu.es\/wp-content\/plugins\/sitepress-multilingual-cms\/res\/flags\/ru.png\"\n            alt=\"\"\n            width=18\n            height=12\n    \/><span class=\"wpml-ls-native\" lang=\"ru\">\u0420\u0443\u0441\u0441\u043a\u0438\u0439<\/span><\/a>\n\t\t\t<\/li><li class=\"wpml-ls-slot-footer wpml-ls-item wpml-ls-item-cn wpml-ls-last-item wpml-ls-item-legacy-list-horizontal\">\n\t\t\t\t<a href=\"https:\/\/immigrationeu.es\/cn\/\" class=\"wpml-ls-link\">\n                                                        <img decoding=\"async\"\n            class=\"wpml-ls-flag\"\n            src=\"https:\/\/immigrationeu.es\/wp-content\/uploads\/flags\/cn.png\"\n            alt=\"\"\n            width=18\n            height=12\n    \/><span class=\"wpml-ls-native\" lang=\"cn\">Chinese <\/span><\/a>\n\t\t\t<\/li><\/ul>\n<\/div>\n[\/vc_column_text][\/vc_column][vc_column width=\u00bb1\/2&#8243;][vc_widget_sidebar sidebar_id=\u00bbnitro-sidebar-54&#8243;][\/vc_column][\/vc_row]<\/p>\n","protected":false},"excerpt":{"rendered":"<p>[vc_row full_width=\u00bbstretch_row\u00bb content_placement=\u00bbtop\u00bb background_position=\u00bbcenter center\u00bb css=\u00bb.vc_custom_1668420462641{padding-top: 80px !important;padding-bottom: 80px !important;background-image: url(https:\/\/immigrationeu.es\/wp-content\/uploads\/2021\/10\/portugal-ga19827930_1920.jpeg?id=4849) !important;background-position: center !important;background-repeat: no-repeat !important;background-size: cover !important;}\u00bb][vc_column width=\u00bb1\/6&#8243;][\/vc_column][vc_column width=\u00bb2\/3&#8243; css=\u00bb.vc_custom_1622511841833{background-color: rgba(20,39,78,0.51) !important;*background-color: rgb(20,39,78) !important;}\u00bb][vc_custom_heading text=\u00bbPROGRAMAS DE INMIGRACI\u00d3N DE PORTUGAL\u00bb font_container=\u00bbtag:h1|font_size:30px|text_align:center|color:%23ffffff|line_height:36px\u00bb use_theme_fonts=\u00bbyes\u00bb css=\u00bb.vc_custom_1668433981738{margin-bottom: 30px !important;}\u00bb][\/vc_column][vc_column width=\u00bb1\/6&#8243;][\/vc_column][\/vc_row][vc_row full_width=\u00bbstretch_row_content\u00bb css=\u00bb.vc_custom_1562694247586{background-color: #f8f9fa !important;}\u00bb][vc_column width=\u00bb3\/4&#8243;][vc_row_inner el_id=\u00bbbox_shadow\u00bb css=\u00bb.vc_custom_1565921267875{margin-right: 0px !important;margin-bottom: 25px !important;margin-left: 0px !important;padding-top: 20px !important;}\u00bb][vc_column_inner width=\u00bb1\/3&#8243;][vc_single_image image=\u00bb3929&#8243; img_size=\u00bbmedium\u00bb alignment=\u00bbcenter\u00bb][\/vc_column_inner][vc_column_inner [&hellip;]<\/p>\n","protected":false},"author":1,"featured_media":0,"parent":0,"menu_order":0,"comment_status":"closed","ping_status":"closed","template":"","meta":{"footnotes":""},"yoast_head":"<!-- This site is optimized with the Yoast SEO plugin v17.2 - https:\/\/yoast.com\/wordpress\/plugins\/seo\/ -->\n<title>Portugal: programas de inmigraci\u00f3n +351 920 329 654<\/title>\n<meta name=\"description\" content=\"PORTUGAL: PROGRAMAS DE INMIGRACI\u00d3N | POR INVERSI\u00d3N | PERSONAS ECON\u00d3MICAMENTE INDEPENDIENTES | CIUDADAN\u00cdA | +351 920 329 654\" \/>\n<meta name=\"robots\" content=\"index, follow, max-snippet:-1, max-image-preview:large, max-video-preview:-1\" \/>\n<link rel=\"canonical\" href=\"https:\/\/immigrationeu.es\/es\/portugal-programas-inmigracion\/\" \/>\n<meta property=\"og:locale\" content=\"es_ES\" \/>\n<meta property=\"og:type\" content=\"article\" \/>\n<meta property=\"og:title\" content=\"Portugal: programas de inmigraci\u00f3n +351 920 329 654\" \/>\n<meta property=\"og:description\" content=\"PORTUGAL: PROGRAMAS DE INMIGRACI\u00d3N | POR INVERSI\u00d3N | PERSONAS ECON\u00d3MICAMENTE INDEPENDIENTES | CIUDADAN\u00cdA | +351 920 329 654\" \/>\n<meta property=\"og:url\" content=\"https:\/\/immigrationeu.es\/es\/portugal-programas-inmigracion\/\" \/>\n<meta property=\"og:site_name\" content=\"Immigration EU\" \/>\n<meta property=\"article:modified_time\" content=\"2023-08-10T14:43:07+00:00\" \/>\n<meta property=\"og:image\" content=\"https:\/\/immigrationeu.es\/wp-content\/uploads\/2021\/06\/inimex-es-logo.png\" \/>\n\t<meta property=\"og:image:width\" content=\"763\" \/>\n\t<meta property=\"og:image:height\" content=\"420\" \/>\n<meta name=\"twitter:card\" content=\"summary_large_image\" \/>\n<meta name=\"twitter:site\" content=\"@inimexcom\" \/>\n<meta name=\"twitter:label1\" content=\"Tiempo de lectura\" \/>\n\t<meta name=\"twitter:data1\" content=\"2 minutos\" \/>\n<script type=\"application\/ld+json\" class=\"yoast-schema-graph\">{\"@context\":\"https:\/\/schema.org\",\"@graph\":[{\"@type\":\"Organization\",\"@id\":\"https:\/\/immigrationeu.es\/#organization\",\"name\":\"Inimex\",\"url\":\"https:\/\/immigrationeu.es\/\",\"sameAs\":[\"https:\/\/www.instagram.com\/inimexinimex\/\",\"https:\/\/www.youtube.com\/channel\/UCH-rQw097uvbDUlhya3lz9A\",\"https:\/\/twitter.com\/inimexcom\"],\"logo\":{\"@type\":\"ImageObject\",\"@id\":\"https:\/\/immigrationeu.es\/#logo\",\"inLanguage\":\"es\",\"url\":\"https:\/\/immigrationeu.es\/wp-content\/uploads\/2021\/06\/inimex-es-logo.png\",\"contentUrl\":\"https:\/\/immigrationeu.es\/wp-content\/uploads\/2021\/06\/inimex-es-logo.png\",\"width\":763,\"height\":420,\"caption\":\"Inimex\"},\"image\":{\"@id\":\"https:\/\/immigrationeu.es\/#logo\"}},{\"@type\":\"WebSite\",\"@id\":\"https:\/\/immigrationeu.es\/#website\",\"url\":\"https:\/\/immigrationeu.es\/\",\"name\":\"Immigration EU\",\"description\":\"\",\"publisher\":{\"@id\":\"https:\/\/immigrationeu.es\/#organization\"},\"potentialAction\":[{\"@type\":\"SearchAction\",\"target\":{\"@type\":\"EntryPoint\",\"urlTemplate\":\"https:\/\/immigrationeu.es\/?s={search_term_string}\"},\"query-input\":\"required name=search_term_string\"}],\"inLanguage\":\"es\"},{\"@type\":\"WebPage\",\"@id\":\"https:\/\/immigrationeu.es\/es\/portugal-programas-inmigracion\/#webpage\",\"url\":\"https:\/\/immigrationeu.es\/es\/portugal-programas-inmigracion\/\",\"name\":\"Portugal: programas de inmigraci\\u00f3n +351 920 329 654\",\"isPartOf\":{\"@id\":\"https:\/\/immigrationeu.es\/#website\"},\"datePublished\":\"2021-06-01T01:56:39+00:00\",\"dateModified\":\"2023-08-10T14:43:07+00:00\",\"description\":\"PORTUGAL: PROGRAMAS DE INMIGRACI\\u00d3N | POR INVERSI\\u00d3N | PERSONAS ECON\\u00d3MICAMENTE INDEPENDIENTES | CIUDADAN\\u00cdA | +351 920 329 654\",\"breadcrumb\":{\"@id\":\"https:\/\/immigrationeu.es\/es\/portugal-programas-inmigracion\/#breadcrumb\"},\"inLanguage\":\"es\",\"potentialAction\":[{\"@type\":\"ReadAction\",\"target\":[\"https:\/\/immigrationeu.es\/es\/portugal-programas-inmigracion\/\"]}]},{\"@type\":\"BreadcrumbList\",\"@id\":\"https:\/\/immigrationeu.es\/es\/portugal-programas-inmigracion\/#breadcrumb\",\"itemListElement\":[{\"@type\":\"ListItem\",\"position\":1,\"name\":\"Home\",\"item\":\"https:\/\/immigrationeu.es\/es\/\"},{\"@type\":\"ListItem\",\"position\":2,\"name\":\"Portugal: Programas de Inmigraci\\u00f3n\"}]}]}<\/script>\n<!-- \/ Yoast SEO plugin. -->","yoast_head_json":{"title":"Portugal: programas de inmigraci\u00f3n +351 920 329 654","description":"PORTUGAL: PROGRAMAS DE INMIGRACI\u00d3N | POR INVERSI\u00d3N | PERSONAS ECON\u00d3MICAMENTE INDEPENDIENTES | CIUDADAN\u00cdA | +351 920 329 654","robots":{"index":"index","follow":"follow","max-snippet":"max-snippet:-1","max-image-preview":"max-image-preview:large","max-video-preview":"max-video-preview:-1"},"canonical":"https:\/\/immigrationeu.es\/es\/portugal-programas-inmigracion\/","og_locale":"es_ES","og_type":"article","og_title":"Portugal: programas de inmigraci\u00f3n +351 920 329 654","og_description":"PORTUGAL: PROGRAMAS DE INMIGRACI\u00d3N | POR INVERSI\u00d3N | PERSONAS ECON\u00d3MICAMENTE INDEPENDIENTES | CIUDADAN\u00cdA | +351 920 329 654","og_url":"https:\/\/immigrationeu.es\/es\/portugal-programas-inmigracion\/","og_site_name":"Immigration EU","article_modified_time":"2023-08-10T14:43:07+00:00","og_image":[{"width":763,"height":420,"url":"https:\/\/immigrationeu.es\/wp-content\/uploads\/2021\/06\/inimex-es-logo.png","path":"\/home\/immigra9\/immigrationeu.es\/wp-content\/uploads\/2021\/06\/inimex-es-logo.png","size":"full","id":4109,"alt":"","pixels":320460,"type":"image\/png"}],"twitter_card":"summary_large_image","twitter_site":"@inimexcom","twitter_misc":{"Tiempo de lectura":"2 minutos"},"schema":{"@context":"https:\/\/schema.org","@graph":[{"@type":"Organization","@id":"https:\/\/immigrationeu.es\/#organization","name":"Inimex","url":"https:\/\/immigrationeu.es\/","sameAs":["https:\/\/www.instagram.com\/inimexinimex\/","https:\/\/www.youtube.com\/channel\/UCH-rQw097uvbDUlhya3lz9A","https:\/\/twitter.com\/inimexcom"],"logo":{"@type":"ImageObject","@id":"https:\/\/immigrationeu.es\/#logo","inLanguage":"es","url":"https:\/\/immigrationeu.es\/wp-content\/uploads\/2021\/06\/inimex-es-logo.png","contentUrl":"https:\/\/immigrationeu.es\/wp-content\/uploads\/2021\/06\/inimex-es-logo.png","width":763,"height":420,"caption":"Inimex"},"image":{"@id":"https:\/\/immigrationeu.es\/#logo"}},{"@type":"WebSite","@id":"https:\/\/immigrationeu.es\/#website","url":"https:\/\/immigrationeu.es\/","name":"Immigration EU","description":"","publisher":{"@id":"https:\/\/immigrationeu.es\/#organization"},"potentialAction":[{"@type":"SearchAction","target":{"@type":"EntryPoint","urlTemplate":"https:\/\/immigrationeu.es\/?s={search_term_string}"},"query-input":"required name=search_term_string"}],"inLanguage":"es"},{"@type":"WebPage","@id":"https:\/\/immigrationeu.es\/es\/portugal-programas-inmigracion\/#webpage","url":"https:\/\/immigrationeu.es\/es\/portugal-programas-inmigracion\/","name":"Portugal: programas de inmigraci\u00f3n +351 920 329 654","isPartOf":{"@id":"https:\/\/immigrationeu.es\/#website"},"datePublished":"2021-06-01T01:56:39+00:00","dateModified":"2023-08-10T14:43:07+00:00","description":"PORTUGAL: PROGRAMAS DE INMIGRACI\u00d3N | POR INVERSI\u00d3N | PERSONAS ECON\u00d3MICAMENTE INDEPENDIENTES | CIUDADAN\u00cdA | +351 920 329 654","breadcrumb":{"@id":"https:\/\/immigrationeu.es\/es\/portugal-programas-inmigracion\/#breadcrumb"},"inLanguage":"es","potentialAction":[{"@type":"ReadAction","target":["https:\/\/immigrationeu.es\/es\/portugal-programas-inmigracion\/"]}]},{"@type":"BreadcrumbList","@id":"https:\/\/immigrationeu.es\/es\/portugal-programas-inmigracion\/#breadcrumb","itemListElement":[{"@type":"ListItem","position":1,"name":"Home","item":"https:\/\/immigrationeu.es\/es\/"},{"@type":"ListItem","position":2,"name":"Portugal: Programas de Inmigraci\u00f3n"}]}]}},"_links":{"self":[{"href":"https:\/\/immigrationeu.es\/es\/wp-json\/wp\/v2\/pages\/4535"}],"collection":[{"href":"https:\/\/immigrationeu.es\/es\/wp-json\/wp\/v2\/pages"}],"about":[{"href":"https:\/\/immigrationeu.es\/es\/wp-json\/wp\/v2\/types\/page"}],"author":[{"embeddable":true,"href":"https:\/\/immigrationeu.es\/es\/wp-json\/wp\/v2\/users\/1"}],"replies":[{"embeddable":true,"href":"https:\/\/immigrationeu.es\/es\/wp-json\/wp\/v2\/comments?post=4535"}],"version-history":[{"count":16,"href":"https:\/\/immigrationeu.es\/es\/wp-json\/wp\/v2\/pages\/4535\/revisions"}],"predecessor-version":[{"id":7317,"href":"https:\/\/immigrationeu.es\/es\/wp-json\/wp\/v2\/pages\/4535\/revisions\/7317"}],"wp:attachment":[{"href":"https:\/\/immigrationeu.es\/es\/wp-json\/wp\/v2\/media?parent=4535"}],"curies":[{"name":"wp","href":"https:\/\/api.w.org\/{rel}","templated":true}]}}