{"id":4549,"date":"2021-06-01T01:55:26","date_gmt":"2021-06-01T01:55:26","guid":{"rendered":"https:\/\/immigrationeu.es\/immigration-programs-spain\/"},"modified":"2023-08-11T13:00:54","modified_gmt":"2023-08-11T13:00:54","slug":"immigration-visa-espana","status":"publish","type":"page","link":"https:\/\/immigrationeu.es\/es\/immigration-visa-espana\/","title":{"rendered":"Espa\u00f1a: Programas de Inmigraci\u00f3n para Espa\u00f1a"},"content":{"rendered":"<p>[vc_row full_width=\u00bbstretch_row\u00bb content_placement=\u00bbtop\u00bb background_position=\u00bbcenter center\u00bb css=\u00bb.vc_custom_1668592470513{padding-top: 80px !important;padding-bottom: 80px !important;background-image: url(https:\/\/immigrationeu.es\/wp-content\/uploads\/2022\/11\/shutterstock_650641762-1-1.jpg?id=6134) !important;background-position: center !important;background-repeat: no-repeat !important;background-size: cover !important;}\u00bb][vc_column width=\u00bb1\/6&#8243;][\/vc_column][vc_column width=\u00bb2\/3&#8243; css=\u00bb.vc_custom_1622511841833{background-color: rgba(20,39,78,0.51) !important;*background-color: rgb(20,39,78) !important;}\u00bb][vc_custom_heading text=\u00bbPROGRAMAS DE INMIGRACI\u00d3N PARA ESPA\u00d1A\u00bb font_container=\u00bbtag:h1|font_size:30px|text_align:center|color:%23ffffff|line_height:36px\u00bb use_theme_fonts=\u00bbyes\u00bb css=\u00bb.vc_custom_1668680868005{margin-bottom: 30px !important;}\u00bb][\/vc_column][vc_column width=\u00bb1\/6&#8243;][\/vc_column][\/vc_row][vc_row full_width=\u00bbstretch_row_content\u00bb css=\u00bb.vc_custom_1562694247586{background-color: #f8f9fa !important;}\u00bb][vc_column width=\u00bb3\/4&#8243;][vc_row_inner el_id=\u00bbbox_shadow\u00bb css=\u00bb.vc_custom_1565921267875{margin-right: 0px !important;margin-bottom: 25px !important;margin-left: 0px !important;padding-top: 20px !important;}\u00bb][vc_column_inner width=\u00bb1\/3&#8243;][vc_single_image image=\u00bb6144&#8243; img_size=\u00bbmedium\u00bb alignment=\u00bbcenter\u00bb][\/vc_column_inner][vc_column_inner width=\u00bb2\/3&#8243; css=\u00bb.vc_custom_1565920961366{padding-left: 20px !important;}\u00bb][vc_custom_heading text=\u00bbEspa\u00f1a: Residencia no lucrativa\u00bb font_container=\u00bbtag:h2|font_size:20px|text_align:left|color:%23000000|line_height:22px\u00bb google_fonts=\u00bbfont_family:Raleway%3A100%2C200%2C300%2Cregular%2C500%2C600%2C700%2C800%2C900|font_style:600%20bold%20regular%3A600%3Anormal\u00bb css=\u00bb.vc_custom_1668680882664{margin-bottom: 20px !important;}\u00bb][vc_column_text css=\u00bb.vc_custom_1691758187112{margin-bottom: 12px !important;}\u00bb]Espa\u00f1a presenta un programa de inmigraci\u00f3n conocido como la visa \u00abno lucrativa\u00bb. Esta categor\u00eda es adecuada para personas que desean establecerse en Espa\u00f1a sin trabajar en el pa\u00eds. Aquellos que quieran pasar al menos un a\u00f1o en Espa\u00f1a sin trabajar pueden aprovecharlo para jubilarse, trabajar a distancia o experimentar algo nuevo. Es posible llevar a la familia y cada solicitante obtendr\u00e1 el mismo t\u00edtulo de residencia y estado. Inimex Inc. y <a href=\"https:\/\/www.vip-serveis.com\/es\/home\/\">VIP SERVEIS S.L.<\/a> pueden ayudarlo en cada paso del proceso de obtener la residencia en Espa\u00f1a y buscar propiedades.[\/vc_column_text]<div id=\"nitro_custom_css_1998949823\" class=\"sc-button \"><a href=\"\/es\/spain-immigration-program-1\/\" title=\"\" target=\"_self\"><span>M\u00e1s informaci\u00f3n<\/span><\/a><\/div>[\/vc_column_inner][\/vc_row_inner][vc_row_inner css=\u00bb.vc_custom_1622512060430{margin-right: 0px !important;margin-bottom: 25px !important;margin-left: 0px !important;padding-top: 20px !important;}\u00bb el_id=\u00bbbox_shadow\u00bb][vc_column_inner width=\u00bb1\/3&#8243;][vc_single_image image=\u00bb6094&#8243; img_size=\u00bbmedium\u00bb alignment=\u00bbcenter\u00bb][\/vc_column_inner][vc_column_inner width=\u00bb2\/3&#8243; css=\u00bb.vc_custom_1565920961366{padding-left: 20px !important;}\u00bb][vc_custom_heading text=\u00bbEspa\u00f1a: Residencia para inversores y propietarios inmobiliarios\u00bb font_container=\u00bbtag:h2|font_size:20px|text_align:left|color:%23000000|line_height:22px\u00bb google_fonts=\u00bbfont_family:Raleway%3A100%2C200%2C300%2Cregular%2C500%2C600%2C700%2C800%2C900|font_style:600%20bold%20regular%3A600%3Anormal\u00bb css=\u00bb.vc_custom_1668680910319{margin-bottom: 20px !important;}\u00bb][vc_column_text css=\u00bb.vc_custom_1669028741776{margin-bottom: 12px !important;}\u00bb]El programa de inmigraci\u00f3n espa\u00f1ol o \u00abVisa de propiedad\u00bb otorga residencia autom\u00e1tica en Espa\u00f1a cuando compra una propiedad por 500,000 \u20ac o m\u00e1s. Puede ser cualquier tipo de propiedad: casa, comercial, terreno o una combinaci\u00f3n de propiedades. A diferencia de la visa de inmigraci\u00f3n nacional espa\u00f1ola, no requiere que viva en Espa\u00f1a 183 d\u00edas del a\u00f1o. Si est\u00e1s buscando una oportunidad para invertir en bienes ra\u00edces y cambiar tu entorno, la Golden visa en Espa\u00f1a est\u00e1 hecha para ti. Para obtener informaci\u00f3n adicional sobre los programas de inmigraci\u00f3n en Espa\u00f1a, nuestros datos de contacto son los siguientes: Tel\/WhatsApp\/Telegram\/Viber +34 683 238 499 | +33 768 152 300 | info@inimexeu.com | @Linimex Skype y las <span style=\"color: #0000ff;\"><a style=\"color: #0000ff;\" href=\"https:\/\/immigrationeu.es\/es\/consulta\/\">consultas privadas<\/a><\/span> se pueden reservar y programar de forma remota en nuestro sitio web.[\/vc_column_text]<div id=\"nitro_custom_css_805359612\" class=\"sc-button \"><a href=\"\/es\/spain-immigration-program-2\/\" title=\"\" target=\"_self\"><span>M\u00e1s informaci\u00f3n<\/span><\/a><\/div>[\/vc_column_inner][\/vc_row_inner][vc_row_inner el_id=\u00bbbox_shadow\u00bb css=\u00bb.vc_custom_1691592143704{margin-right: 0px !important;margin-bottom: 25px !important;margin-left: 0px !important;padding-top: 20px !important;}\u00bb][vc_column_inner width=\u00bb1\/3&#8243;][vc_single_image image=\u00bb7182&#8243; img_size=\u00bbmedium\u00bb alignment=\u00bbcenter\u00bb][\/vc_column_inner][vc_column_inner width=\u00bb2\/3&#8243; css=\u00bb.vc_custom_1691592112503{padding-left: 20px !important;}\u00bb][vc_custom_heading text=\u00bbEspa\u00f1a: Visa para N\u00f3madas Digitales\u00bb font_container=\u00bbtag:h2|font_size:20px|text_align:left|color:%23000000|line_height:22px\u00bb google_fonts=\u00bbfont_family:Raleway%3A100%2C200%2C300%2Cregular%2C500%2C600%2C700%2C800%2C900|font_style:600%20bold%20regular%3A600%3Anormal\u00bb css=\u00bb.vc_custom_1691592537706{margin-bottom: 20px !important;}\u00bb][vc_column_text]El visado para n\u00f3madas digitales est\u00e1 vigente en Espa\u00f1a desde enero de 2023 y deriva de la conocida \u00abLey de Startups\u00bb. Este visado te permite vivir y trabajar a distancia, ya sea de forma independiente o para una empresa. El permiso de residencia se concede por 3 a\u00f1os y puede solicitarse tanto desde tu pa\u00eds de origen como directamente en Espa\u00f1a. Cuando solicite su nuevo visado, podr\u00e1 beneficiarse de un r\u00e9gimen fiscal especial muy favorable. Podemos ayudarle a obtener su residencia y a establecer su empresa en Espa\u00f1a.[\/vc_column_text]<div id=\"nitro_custom_css_1045737667\" class=\"sc-button \"><a href=\"https:\/\/immigrationeu.es\/es\/espana-visa-para-nomadas-digitales\/\" title=\"\" target=\"_self\"><span>M\u00e1s informaci\u00f3n<\/span><\/a><\/div>[\/vc_column_inner][\/vc_row_inner][vc_empty_space][\/vc_column][vc_column width=\u00bb1\/4&#8243;][vc_row_inner][vc_column_inner][vc_widget_sidebar sidebar_id=\u00bbnitro-sidebar-35&#8243; el_id=\u00bbbox_shadow_padding\u00bb][\/vc_column_inner][\/vc_row_inner][vc_widget_sidebar sidebar_id=\u00bbnitro-sidebar-9&#8243; el_id=\u00bbbox_shadow_padding\u00bb][\/vc_column][\/vc_row][vc_row full_width=\u00bbstretch_row\u00bb background_position=\u00bbright top\u00bb css=\u00bb.vc_custom_1622511869722{padding-top: 40px !important;padding-bottom: 20px !important;background-color: #14274e !important;background-position: center !important;background-repeat: no-repeat !important;background-size: cover !important;}\u00bb][vc_column width=\u00bb1\/4&#8243; css=\u00bb.vc_custom_1562383084786{margin-bottom: 30px !important;}\u00bb][vc_widget_sidebar sidebar_id=\u00bbnitro-sidebar-51&#8243;][\/vc_column][vc_column width=\u00bb1\/3&#8243; css=\u00bb.vc_custom_1562383090392{margin-bottom: 30px !important;}\u00bb][vc_widget_sidebar sidebar_id=\u00bbnitro-sidebar-52&#8243;][\/vc_column][vc_column width=\u00bb1\/3&#8243; css=\u00bb.vc_custom_1562383096710{margin-bottom: 30px !important;}\u00bb][vc_widget_sidebar sidebar_id=\u00bbnitro-sidebar-53&#8243;][\/vc_column][\/vc_row][vc_row full_width=\u00bbstretch_row\u00bb content_placement=\u00bbmiddle\u00bb css=\u00bb.vc_custom_1606925812237{background-color: #f8f9fa !important;}\u00bb][vc_column width=\u00bb1\/2&#8243;][vc_column_text css=\u00bb.vc_custom_1606926041350{margin-top: 0px !important;margin-bottom: 0px !important;}\u00bb]\n<div class=\"wpml-ls-statics-footer wpml-ls wpml-ls-legacy-list-horizontal\">\n\t<ul><li class=\"wpml-ls-slot-footer wpml-ls-item wpml-ls-item-es wpml-ls-current-language wpml-ls-item-legacy-list-horizontal\">\n\t\t\t\t<a href=\"https:\/\/immigrationeu.es\/es\/\" class=\"wpml-ls-link\">\n                                                        <img decoding=\"async\"\n            class=\"wpml-ls-flag\"\n            src=\"https:\/\/immigrationeu.es\/wp-content\/plugins\/sitepress-multilingual-cms\/res\/flags\/es.png\"\n            alt=\"\"\n            width=18\n            height=12\n    \/><span class=\"wpml-ls-native\">Espa\u00f1ol<\/span><\/a>\n\t\t\t<\/li><li class=\"wpml-ls-slot-footer wpml-ls-item wpml-ls-item-en wpml-ls-first-item wpml-ls-item-legacy-list-horizontal\">\n\t\t\t\t<a href=\"https:\/\/immigrationeu.es\" class=\"wpml-ls-link\">\n                                                        <img decoding=\"async\"\n            class=\"wpml-ls-flag\"\n            src=\"https:\/\/immigrationeu.es\/wp-content\/plugins\/sitepress-multilingual-cms\/res\/flags\/en.png\"\n            alt=\"\"\n            width=18\n            height=12\n    \/><span class=\"wpml-ls-native\" lang=\"en\">English<\/span><\/a>\n\t\t\t<\/li><li class=\"wpml-ls-slot-footer wpml-ls-item wpml-ls-item-fr wpml-ls-item-legacy-list-horizontal\">\n\t\t\t\t<a href=\"https:\/\/immigrationeu.es\/fr\/\" class=\"wpml-ls-link\">\n                                                        <img decoding=\"async\"\n            class=\"wpml-ls-flag\"\n            src=\"https:\/\/immigrationeu.es\/wp-content\/plugins\/sitepress-multilingual-cms\/res\/flags\/fr.png\"\n            alt=\"\"\n            width=18\n            height=12\n    \/><span class=\"wpml-ls-native\" lang=\"fr\">Fran\u00e7ais<\/span><\/a>\n\t\t\t<\/li><li class=\"wpml-ls-slot-footer wpml-ls-item wpml-ls-item-ru wpml-ls-item-legacy-list-horizontal\">\n\t\t\t\t<a href=\"https:\/\/immigrationeu.es\/ru\/\" class=\"wpml-ls-link\">\n                                                        <img decoding=\"async\"\n            class=\"wpml-ls-flag\"\n            src=\"https:\/\/immigrationeu.es\/wp-content\/plugins\/sitepress-multilingual-cms\/res\/flags\/ru.png\"\n            alt=\"\"\n            width=18\n            height=12\n    \/><span class=\"wpml-ls-native\" lang=\"ru\">\u0420\u0443\u0441\u0441\u043a\u0438\u0439<\/span><\/a>\n\t\t\t<\/li><li class=\"wpml-ls-slot-footer wpml-ls-item wpml-ls-item-cn wpml-ls-last-item wpml-ls-item-legacy-list-horizontal\">\n\t\t\t\t<a href=\"https:\/\/immigrationeu.es\/cn\/\" class=\"wpml-ls-link\">\n                                                        <img decoding=\"async\"\n            class=\"wpml-ls-flag\"\n            src=\"https:\/\/immigrationeu.es\/wp-content\/uploads\/flags\/cn.png\"\n            alt=\"\"\n            width=18\n            height=12\n    \/><span class=\"wpml-ls-native\" lang=\"cn\">Chinese <\/span><\/a>\n\t\t\t<\/li><\/ul>\n<\/div>\n[\/vc_column_text][\/vc_column][vc_column width=\u00bb1\/2&#8243;][vc_widget_sidebar sidebar_id=\u00bbnitro-sidebar-54&#8243;][\/vc_column][\/vc_row]<\/p>\n","protected":false},"excerpt":{"rendered":"<p>[vc_row full_width=\u00bbstretch_row\u00bb content_placement=\u00bbtop\u00bb background_position=\u00bbcenter center\u00bb css=\u00bb.vc_custom_1668592470513{padding-top: 80px !important;padding-bottom: 80px !important;background-image: url(https:\/\/immigrationeu.es\/wp-content\/uploads\/2022\/11\/shutterstock_650641762-1-1.jpg?id=6134) !important;background-position: center !important;background-repeat: no-repeat !important;background-size: cover !important;}\u00bb][vc_column width=\u00bb1\/6&#8243;][\/vc_column][vc_column width=\u00bb2\/3&#8243; css=\u00bb.vc_custom_1622511841833{background-color: rgba(20,39,78,0.51) !important;*background-color: rgb(20,39,78) !important;}\u00bb][vc_custom_heading text=\u00bbPROGRAMAS DE INMIGRACI\u00d3N PARA ESPA\u00d1A\u00bb font_container=\u00bbtag:h1|font_size:30px|text_align:center|color:%23ffffff|line_height:36px\u00bb use_theme_fonts=\u00bbyes\u00bb css=\u00bb.vc_custom_1668680868005{margin-bottom: 30px !important;}\u00bb][\/vc_column][vc_column width=\u00bb1\/6&#8243;][\/vc_column][\/vc_row][vc_row full_width=\u00bbstretch_row_content\u00bb css=\u00bb.vc_custom_1562694247586{background-color: #f8f9fa !important;}\u00bb][vc_column width=\u00bb3\/4&#8243;][vc_row_inner el_id=\u00bbbox_shadow\u00bb css=\u00bb.vc_custom_1565921267875{margin-right: 0px !important;margin-bottom: 25px !important;margin-left: 0px !important;padding-top: 20px !important;}\u00bb][vc_column_inner width=\u00bb1\/3&#8243;][vc_single_image image=\u00bb6144&#8243; img_size=\u00bbmedium\u00bb alignment=\u00bbcenter\u00bb][\/vc_column_inner][vc_column_inner [&hellip;]<\/p>\n","protected":false},"author":1,"featured_media":0,"parent":0,"menu_order":0,"comment_status":"closed","ping_status":"closed","template":"","meta":{"footnotes":""},"yoast_head":"<!-- This site is optimized with the Yoast SEO plugin v17.2 - https:\/\/yoast.com\/wordpress\/plugins\/seo\/ -->\n<title>ESPA\u00d1A VISA INMIGRACI\u00d3N RESIDENCIA +34 683 238 499<\/title>\n<meta name=\"description\" content=\"ESPA\u00d1A | VISA | INMIGRACI\u00d3N | RESIDENCIA ESPA\u00d1OLA | CIUDADAN\u00cdA | PASAPORTE | VISA NO LUCRATIVA | NATURALIZACI\u00d3N | +34 683 238 499\" \/>\n<meta name=\"robots\" content=\"index, follow, max-snippet:-1, max-image-preview:large, max-video-preview:-1\" \/>\n<link rel=\"canonical\" href=\"https:\/\/immigrationeu.es\/es\/immigration-visa-espana\/\" \/>\n<meta property=\"og:locale\" content=\"es_ES\" \/>\n<meta property=\"og:type\" content=\"article\" \/>\n<meta property=\"og:title\" content=\"ESPA\u00d1A VISA INMIGRACI\u00d3N RESIDENCIA +34 683 238 499\" \/>\n<meta property=\"og:description\" content=\"ESPA\u00d1A | VISA | INMIGRACI\u00d3N | RESIDENCIA ESPA\u00d1OLA | CIUDADAN\u00cdA | PASAPORTE | VISA NO LUCRATIVA | NATURALIZACI\u00d3N | +34 683 238 499\" \/>\n<meta property=\"og:url\" content=\"https:\/\/immigrationeu.es\/es\/immigration-visa-espana\/\" \/>\n<meta property=\"og:site_name\" content=\"Immigration EU\" \/>\n<meta property=\"article:modified_time\" content=\"2023-08-11T13:00:54+00:00\" \/>\n<meta property=\"og:image\" content=\"https:\/\/immigrationeu.es\/wp-content\/uploads\/2021\/06\/inimex-es-logo.png\" \/>\n\t<meta property=\"og:image:width\" content=\"763\" \/>\n\t<meta property=\"og:image:height\" content=\"420\" \/>\n<meta name=\"twitter:card\" content=\"summary_large_image\" \/>\n<meta name=\"twitter:site\" content=\"@inimexcom\" \/>\n<meta name=\"twitter:label1\" content=\"Tiempo de lectura\" \/>\n\t<meta name=\"twitter:data1\" content=\"3 minutos\" \/>\n<script type=\"application\/ld+json\" class=\"yoast-schema-graph\">{\"@context\":\"https:\/\/schema.org\",\"@graph\":[{\"@type\":\"Organization\",\"@id\":\"https:\/\/immigrationeu.es\/#organization\",\"name\":\"Inimex\",\"url\":\"https:\/\/immigrationeu.es\/\",\"sameAs\":[\"https:\/\/www.instagram.com\/inimexinimex\/\",\"https:\/\/www.youtube.com\/channel\/UCH-rQw097uvbDUlhya3lz9A\",\"https:\/\/twitter.com\/inimexcom\"],\"logo\":{\"@type\":\"ImageObject\",\"@id\":\"https:\/\/immigrationeu.es\/#logo\",\"inLanguage\":\"es\",\"url\":\"https:\/\/immigrationeu.es\/wp-content\/uploads\/2021\/06\/inimex-es-logo.png\",\"contentUrl\":\"https:\/\/immigrationeu.es\/wp-content\/uploads\/2021\/06\/inimex-es-logo.png\",\"width\":763,\"height\":420,\"caption\":\"Inimex\"},\"image\":{\"@id\":\"https:\/\/immigrationeu.es\/#logo\"}},{\"@type\":\"WebSite\",\"@id\":\"https:\/\/immigrationeu.es\/#website\",\"url\":\"https:\/\/immigrationeu.es\/\",\"name\":\"Immigration EU\",\"description\":\"\",\"publisher\":{\"@id\":\"https:\/\/immigrationeu.es\/#organization\"},\"potentialAction\":[{\"@type\":\"SearchAction\",\"target\":{\"@type\":\"EntryPoint\",\"urlTemplate\":\"https:\/\/immigrationeu.es\/?s={search_term_string}\"},\"query-input\":\"required name=search_term_string\"}],\"inLanguage\":\"es\"},{\"@type\":\"WebPage\",\"@id\":\"https:\/\/immigrationeu.es\/es\/immigration-visa-espana\/#webpage\",\"url\":\"https:\/\/immigrationeu.es\/es\/immigration-visa-espana\/\",\"name\":\"ESPA\\u00d1A VISA INMIGRACI\\u00d3N RESIDENCIA +34 683 238 499\",\"isPartOf\":{\"@id\":\"https:\/\/immigrationeu.es\/#website\"},\"datePublished\":\"2021-06-01T01:55:26+00:00\",\"dateModified\":\"2023-08-11T13:00:54+00:00\",\"description\":\"ESPA\\u00d1A | VISA | INMIGRACI\\u00d3N | RESIDENCIA ESPA\\u00d1OLA | CIUDADAN\\u00cdA | PASAPORTE | VISA NO LUCRATIVA | NATURALIZACI\\u00d3N | +34 683 238 499\",\"breadcrumb\":{\"@id\":\"https:\/\/immigrationeu.es\/es\/immigration-visa-espana\/#breadcrumb\"},\"inLanguage\":\"es\",\"potentialAction\":[{\"@type\":\"ReadAction\",\"target\":[\"https:\/\/immigrationeu.es\/es\/immigration-visa-espana\/\"]}]},{\"@type\":\"BreadcrumbList\",\"@id\":\"https:\/\/immigrationeu.es\/es\/immigration-visa-espana\/#breadcrumb\",\"itemListElement\":[{\"@type\":\"ListItem\",\"position\":1,\"name\":\"Home\",\"item\":\"https:\/\/immigrationeu.es\/es\/\"},{\"@type\":\"ListItem\",\"position\":2,\"name\":\"Espa\\u00f1a: Programas de Inmigraci\\u00f3n para Espa\\u00f1a\"}]}]}<\/script>\n<!-- \/ Yoast SEO plugin. -->","yoast_head_json":{"title":"ESPA\u00d1A VISA INMIGRACI\u00d3N RESIDENCIA +34 683 238 499","description":"ESPA\u00d1A | VISA | INMIGRACI\u00d3N | RESIDENCIA ESPA\u00d1OLA | CIUDADAN\u00cdA | PASAPORTE | VISA NO LUCRATIVA | NATURALIZACI\u00d3N | +34 683 238 499","robots":{"index":"index","follow":"follow","max-snippet":"max-snippet:-1","max-image-preview":"max-image-preview:large","max-video-preview":"max-video-preview:-1"},"canonical":"https:\/\/immigrationeu.es\/es\/immigration-visa-espana\/","og_locale":"es_ES","og_type":"article","og_title":"ESPA\u00d1A VISA INMIGRACI\u00d3N RESIDENCIA +34 683 238 499","og_description":"ESPA\u00d1A | VISA | INMIGRACI\u00d3N | RESIDENCIA ESPA\u00d1OLA | CIUDADAN\u00cdA | PASAPORTE | VISA NO LUCRATIVA | NATURALIZACI\u00d3N | +34 683 238 499","og_url":"https:\/\/immigrationeu.es\/es\/immigration-visa-espana\/","og_site_name":"Immigration EU","article_modified_time":"2023-08-11T13:00:54+00:00","og_image":[{"width":763,"height":420,"url":"https:\/\/immigrationeu.es\/wp-content\/uploads\/2021\/06\/inimex-es-logo.png","path":"\/home\/immigra9\/immigrationeu.es\/wp-content\/uploads\/2021\/06\/inimex-es-logo.png","size":"full","id":4109,"alt":"","pixels":320460,"type":"image\/png"}],"twitter_card":"summary_large_image","twitter_site":"@inimexcom","twitter_misc":{"Tiempo de lectura":"3 minutos"},"schema":{"@context":"https:\/\/schema.org","@graph":[{"@type":"Organization","@id":"https:\/\/immigrationeu.es\/#organization","name":"Inimex","url":"https:\/\/immigrationeu.es\/","sameAs":["https:\/\/www.instagram.com\/inimexinimex\/","https:\/\/www.youtube.com\/channel\/UCH-rQw097uvbDUlhya3lz9A","https:\/\/twitter.com\/inimexcom"],"logo":{"@type":"ImageObject","@id":"https:\/\/immigrationeu.es\/#logo","inLanguage":"es","url":"https:\/\/immigrationeu.es\/wp-content\/uploads\/2021\/06\/inimex-es-logo.png","contentUrl":"https:\/\/immigrationeu.es\/wp-content\/uploads\/2021\/06\/inimex-es-logo.png","width":763,"height":420,"caption":"Inimex"},"image":{"@id":"https:\/\/immigrationeu.es\/#logo"}},{"@type":"WebSite","@id":"https:\/\/immigrationeu.es\/#website","url":"https:\/\/immigrationeu.es\/","name":"Immigration EU","description":"","publisher":{"@id":"https:\/\/immigrationeu.es\/#organization"},"potentialAction":[{"@type":"SearchAction","target":{"@type":"EntryPoint","urlTemplate":"https:\/\/immigrationeu.es\/?s={search_term_string}"},"query-input":"required name=search_term_string"}],"inLanguage":"es"},{"@type":"WebPage","@id":"https:\/\/immigrationeu.es\/es\/immigration-visa-espana\/#webpage","url":"https:\/\/immigrationeu.es\/es\/immigration-visa-espana\/","name":"ESPA\u00d1A VISA INMIGRACI\u00d3N RESIDENCIA +34 683 238 499","isPartOf":{"@id":"https:\/\/immigrationeu.es\/#website"},"datePublished":"2021-06-01T01:55:26+00:00","dateModified":"2023-08-11T13:00:54+00:00","description":"ESPA\u00d1A | VISA | INMIGRACI\u00d3N | RESIDENCIA ESPA\u00d1OLA | CIUDADAN\u00cdA | PASAPORTE | VISA NO LUCRATIVA | NATURALIZACI\u00d3N | +34 683 238 499","breadcrumb":{"@id":"https:\/\/immigrationeu.es\/es\/immigration-visa-espana\/#breadcrumb"},"inLanguage":"es","potentialAction":[{"@type":"ReadAction","target":["https:\/\/immigrationeu.es\/es\/immigration-visa-espana\/"]}]},{"@type":"BreadcrumbList","@id":"https:\/\/immigrationeu.es\/es\/immigration-visa-espana\/#breadcrumb","itemListElement":[{"@type":"ListItem","position":1,"name":"Home","item":"https:\/\/immigrationeu.es\/es\/"},{"@type":"ListItem","position":2,"name":"Espa\u00f1a: Programas de Inmigraci\u00f3n para Espa\u00f1a"}]}]}},"_links":{"self":[{"href":"https:\/\/immigrationeu.es\/es\/wp-json\/wp\/v2\/pages\/4549"}],"collection":[{"href":"https:\/\/immigrationeu.es\/es\/wp-json\/wp\/v2\/pages"}],"about":[{"href":"https:\/\/immigrationeu.es\/es\/wp-json\/wp\/v2\/types\/page"}],"author":[{"embeddable":true,"href":"https:\/\/immigrationeu.es\/es\/wp-json\/wp\/v2\/users\/1"}],"replies":[{"embeddable":true,"href":"https:\/\/immigrationeu.es\/es\/wp-json\/wp\/v2\/comments?post=4549"}],"version-history":[{"count":29,"href":"https:\/\/immigrationeu.es\/es\/wp-json\/wp\/v2\/pages\/4549\/revisions"}],"predecessor-version":[{"id":7447,"href":"https:\/\/immigrationeu.es\/es\/wp-json\/wp\/v2\/pages\/4549\/revisions\/7447"}],"wp:attachment":[{"href":"https:\/\/immigrationeu.es\/es\/wp-json\/wp\/v2\/media?parent=4549"}],"curies":[{"name":"wp","href":"https:\/\/api.w.org\/{rel}","templated":true}]}}