{"id":2207,"date":"2019-08-21T02:15:49","date_gmt":"2019-08-21T02:15:49","guid":{"rendered":"https:\/\/immigrationeu.es\/?page_id=2207"},"modified":"2020-12-02T21:58:18","modified_gmt":"2020-12-02T21:58:18","slug":"a-propos-de-inimex","status":"publish","type":"page","link":"https:\/\/immigrationeu.es\/fr\/a-propos-de-inimex\/","title":{"rendered":"\u00c0 PROPOS DE INIMEX"},"content":{"rendered":"<p>[vc_row full_width=\u00a0\u00bbstretch_row\u00a0\u00bb background_position=\u00a0\u00bbcenter center\u00a0\u00bb css=\u00a0\u00bb.vc_custom_1566353040370{padding-top: 100px !important;padding-bottom: 100px !important;background-image: url(https:\/\/immigrationeu.es\/wp-content\/uploads\/2019\/08\/About-Inimex.jpg?id=2197) !important;background-position: center !important;background-repeat: no-repeat !important;background-size: cover !important;}\u00a0\u00bb][vc_column width=\u00a0\u00bb1\/6&Prime;][\/vc_column][vc_column width=\u00a0\u00bb2\/3&Prime; css=\u00a0\u00bb.vc_custom_1562593626160{background-color: rgba(20,39,78,0.51) !important;*background-color: rgb(104,0,0) !important;}\u00a0\u00bb][vc_custom_heading text=\u00a0\u00bbABOUT INIMEX\u00a0\u00bb font_container=\u00a0\u00bbtag:h1|font_size:30px|text_align:center|color:%23ffffff|line_height:32px\u00a0\u00bb use_theme_fonts=\u00a0\u00bbyes\u00a0\u00bb css=\u00a0\u00bb.vc_custom_1566353069782{padding-bottom: 25px !important;}\u00a0\u00bb][\/vc_column][vc_column width=\u00a0\u00bb1\/6&Prime;][\/vc_column][\/vc_row][vc_row][vc_column][vc_empty_space][\/vc_column][\/vc_row][vc_row][vc_column][vc_column_text]Parmi les collaborateurs qui ont particip\u00e9 \u00e0 la cr\u00e9ation d\u2019Inimex, tous sont familiers avec le domaine de l\u2019immigration. Nous travaillons avec des sp\u00e9cialistes et des professionnels dans divers domaines, notamment dans le droit d\u2019immigration, les finances, l\u2019immobilier, les assurances, etc. Nous poss\u00e9dons les ressources n\u00e9cessaires pour assister les individus financi\u00e8rement ind\u00e9pendants souhaitant pr\u00e9senter une demande de visa d\u2019immigration, de r\u00e9sidence permanente et de citoyennet\u00e9.<\/p>\n<p>Nous offrons des services d\u2019immigration dans plusieurs pays de l\u2019Europe, tels qu\u2019en France, \u00e0 Monaco, en Suisse, \u00e0 Malte, en Italie et en Autriche. Ayant des collaborateurs et des partenaires dans chaque pays depuis de nombreuses ann\u00e9es, nous avons d\u00e9cid\u00e9 de regrouper les \u00e9quipes locales pour mieux servir une cat\u00e9gorie particuli\u00e8re de notre client\u00e8le.<\/p>\n<p>D\u2019une part, certains de nos clients ont des int\u00e9r\u00eats dans plusieurs pays et suivent le fameux proverbe \u00ab\u00a0ne mettez pas tous les \u0153ufs dans le m\u00eame panier\u00a0\u00bb. Ils ont souvent plus de deux statuts d\u2019immigration (r\u00e9sidence et citoyennet\u00e9) dans diff\u00e9rents pays, comme en Autriche et en Suisse, ou \u00e0 Malte, \u00e0 Monaco et en France. En outre, plus de la moiti\u00e9 de notre clientele poss\u00e8de des propri\u00e9t\u00e9s dans multiples pays en Europe. Certains ont des int\u00e9r\u00eats financiers dans 2 ou 3, voire 4 diff\u00e9rents pays (comptes bancaires, entreprises, imp\u00f4ts). En outre, nos clients peuvent \u00e9galement avoir des int\u00e9r\u00eats personnels dans d\u2019autres pays. En fin de compte, il n\u2019est pas rare que nous ayons un situation avec caract\u00e9ristiques suivantes : un applicant \u00e9tranger a obtenu la citoyennet\u00e9 maltaise via un investissement, a cr\u00e9\u00e9 une premi\u00e8re entreprise \u00e0 Malte et y poss\u00e8de une propri\u00e9t\u00e9, d\u00e9tient sa r\u00e9sidence principale et une deuxi\u00e8me entreprise \u00e0 Monaco, son enfant fr\u00e9quente l\u2019universit\u00e9 en France et un autre enfant en Suisse, et enfin a une r\u00e9sidence secondaire en Autriche.<\/p>\n<p>Compte tenu des aspects d\u00e9crits ci-dessus, nous avons d\u00e9cid\u00e9 d\u2019avoir des \u00e9quipes locales dans chacun des pays. Mais aussi, dans certains cas, nous avons decide d\u2019unir et de joindre nos forces pour mieux r\u00e9pondre aux besoins de nos clients. Cela \u00e9vite de chercher de nouveaux experts dans chacun des pays<\/p>\n<p>D\u2019autre part, il nous ferait un grand plaisir d\u2019assister les clients qui souhaitent s\u2019installer dans un pays sp\u00e9cifique. Cela \u00e9tant dit, nos \u00e9quipes locales assistent les clients dans chaque pays. Si un candidat souhaite s\u2019installer en France ou \u00e0 Malte, notre \u00e9quipe fran\u00e7aise ou maltaise fournira tous les services n\u00e9cessaires pour obtenir un visa d\u2019immigration, une carte de s\u00e9jour et assister le processus d\u2019int\u00e9gration pour le rendre le plus plaisant possible. Notre \u00e9quipe parle plusieurs langues, dont l\u2019anglais, le fran\u00e7ais, l\u2019allemand, le russe, l\u2019espagnol et le chinois.<\/p>\n<p>Nous vous invitons \u00e0 prendre contact avec nous en r\u00e9servant une consultation\u00a0<a href=\"https:\/\/immigrationeu.es\/consultation\/\">ici<\/a>, ou nous envoyer un message en ligne, via Skype ou sous la rubrique \u00ab\u00a0<a href=\"https:\/\/immigrationeu.es\/fr\/contact\/\">contactez-nous<\/a>\u00ab\u00a0.<\/p>\n<p>Inimex Inc. (International Immigration Experts)[\/vc_column_text][\/vc_column][\/vc_row][vc_column width=\u00a0\u00bb1\/6&Prime; offset=\u00a0\u00bbvc_hidden-sm vc_hidden-xs\u00a0\u00bb][\/vc_column][vc_row full_width=\u00a0\u00bbstretch_row\u00a0\u00bb background_position=\u00a0\u00bbright top\u00a0\u00bb css=\u00a0\u00bb.vc_custom_1602114698511{padding-top: 40px !important;padding-bottom: 20px !important;background-color: #14274e !important;background-position: center !important;background-repeat: no-repeat !important;background-size: cover !important;}\u00a0\u00bb][vc_column width=\u00a0\u00bb1\/4&Prime; css=\u00a0\u00bb.vc_custom_1562383084786{margin-bottom: 30px !important;}\u00a0\u00bb][vc_widget_sidebar sidebar_id=\u00a0\u00bbnitro-sidebar-51&Prime;][\/vc_column][vc_column width=\u00a0\u00bb1\/3&Prime; css=\u00a0\u00bb.vc_custom_1562383090392{margin-bottom: 30px !important;}\u00a0\u00bb][vc_widget_sidebar sidebar_id=\u00a0\u00bbnitro-sidebar-52&Prime;][\/vc_column][vc_column width=\u00a0\u00bb1\/3&Prime; css=\u00a0\u00bb.vc_custom_1562383096710{margin-bottom: 30px !important;}\u00a0\u00bb][vc_widget_sidebar sidebar_id=\u00a0\u00bbnitro-sidebar-53&Prime;][\/vc_column][\/vc_row][vc_row full_width=\u00a0\u00bbstretch_row\u00a0\u00bb content_placement=\u00a0\u00bbmiddle\u00a0\u00bb css=\u00a0\u00bb.vc_custom_1606925812237{background-color: #f8f9fa !important;}\u00a0\u00bb][vc_column width=\u00a0\u00bb1\/2&Prime;][vc_column_text css=\u00a0\u00bb.vc_custom_1606926041350{margin-top: 0px !important;margin-bottom: 0px !important;}\u00a0\u00bb]\n<div class=\"wpml-ls-statics-footer wpml-ls wpml-ls-legacy-list-horizontal\">\n\t<ul><li class=\"wpml-ls-slot-footer wpml-ls-item wpml-ls-item-fr wpml-ls-current-language wpml-ls-item-legacy-list-horizontal\">\n\t\t\t\t<a href=\"https:\/\/immigrationeu.es\/fr\/\" class=\"wpml-ls-link\">\n                                                        <img decoding=\"async\"\n            class=\"wpml-ls-flag\"\n            src=\"https:\/\/immigrationeu.es\/wp-content\/plugins\/sitepress-multilingual-cms\/res\/flags\/fr.png\"\n            alt=\"\"\n            width=18\n            height=12\n    \/><span class=\"wpml-ls-native\">Fran\u00e7ais<\/span><\/a>\n\t\t\t<\/li><li class=\"wpml-ls-slot-footer wpml-ls-item wpml-ls-item-en wpml-ls-first-item wpml-ls-item-legacy-list-horizontal\">\n\t\t\t\t<a href=\"https:\/\/immigrationeu.es\" class=\"wpml-ls-link\">\n                                                        <img decoding=\"async\"\n            class=\"wpml-ls-flag\"\n            src=\"https:\/\/immigrationeu.es\/wp-content\/plugins\/sitepress-multilingual-cms\/res\/flags\/en.png\"\n            alt=\"\"\n            width=18\n            height=12\n    \/><span class=\"wpml-ls-native\" lang=\"en\">English<\/span><\/a>\n\t\t\t<\/li><li class=\"wpml-ls-slot-footer wpml-ls-item wpml-ls-item-ru wpml-ls-item-legacy-list-horizontal\">\n\t\t\t\t<a href=\"https:\/\/immigrationeu.es\/ru\/\" class=\"wpml-ls-link\">\n                                                        <img decoding=\"async\"\n            class=\"wpml-ls-flag\"\n            src=\"https:\/\/immigrationeu.es\/wp-content\/plugins\/sitepress-multilingual-cms\/res\/flags\/ru.png\"\n            alt=\"\"\n            width=18\n            height=12\n    \/><span class=\"wpml-ls-native\" lang=\"ru\">\u0420\u0443\u0441\u0441\u043a\u0438\u0439<\/span><\/a>\n\t\t\t<\/li><li class=\"wpml-ls-slot-footer wpml-ls-item wpml-ls-item-es wpml-ls-item-legacy-list-horizontal\">\n\t\t\t\t<a href=\"https:\/\/immigrationeu.es\/es\/\" class=\"wpml-ls-link\">\n                                                        <img decoding=\"async\"\n            class=\"wpml-ls-flag\"\n            src=\"https:\/\/immigrationeu.es\/wp-content\/plugins\/sitepress-multilingual-cms\/res\/flags\/es.png\"\n            alt=\"\"\n            width=18\n            height=12\n    \/><span class=\"wpml-ls-native\" lang=\"es\">Espa\u00f1ol<\/span><\/a>\n\t\t\t<\/li><li class=\"wpml-ls-slot-footer wpml-ls-item wpml-ls-item-cn wpml-ls-last-item wpml-ls-item-legacy-list-horizontal\">\n\t\t\t\t<a href=\"https:\/\/immigrationeu.es\/cn\/\" class=\"wpml-ls-link\">\n                                                        <img decoding=\"async\"\n            class=\"wpml-ls-flag\"\n            src=\"https:\/\/immigrationeu.es\/wp-content\/uploads\/flags\/cn.png\"\n            alt=\"\"\n            width=18\n            height=12\n    \/><span class=\"wpml-ls-native\" lang=\"cn\">Chinese <\/span><\/a>\n\t\t\t<\/li><\/ul>\n<\/div>\n[\/vc_column_text][\/vc_column][vc_column width=\u00a0\u00bb1\/2&Prime;][vc_widget_sidebar sidebar_id=\u00a0\u00bbnitro-sidebar-54&Prime;][\/vc_column][\/vc_row]<\/p>\n","protected":false},"excerpt":{"rendered":"<p>[vc_row full_width=\u00a0\u00bbstretch_row\u00a0\u00bb background_position=\u00a0\u00bbcenter center\u00a0\u00bb css=\u00a0\u00bb.vc_custom_1566353040370{padding-top: 100px !important;padding-bottom: 100px !important;background-image: url(https:\/\/immigrationeu.es\/wp-content\/uploads\/2019\/08\/About-Inimex.jpg?id=2197) !important;background-position: center !important;background-repeat: no-repeat !important;background-size: cover !important;}\u00a0\u00bb][vc_column width=\u00a0\u00bb1\/6&Prime;][\/vc_column][vc_column width=\u00a0\u00bb2\/3&Prime; css=\u00a0\u00bb.vc_custom_1562593626160{background-color: rgba(20,39,78,0.51) !important;*background-color: rgb(104,0,0) !important;}\u00a0\u00bb][vc_custom_heading text=\u00a0\u00bbABOUT INIMEX\u00a0\u00bb font_container=\u00a0\u00bbtag:h1|font_size:30px|text_align:center|color:%23ffffff|line_height:32px\u00a0\u00bb use_theme_fonts=\u00a0\u00bbyes\u00a0\u00bb css=\u00a0\u00bb.vc_custom_1566353069782{padding-bottom: 25px !important;}\u00a0\u00bb][\/vc_column][vc_column width=\u00a0\u00bb1\/6&Prime;][\/vc_column][\/vc_row][vc_row][vc_column][vc_empty_space][\/vc_column][\/vc_row][vc_row][vc_column][vc_column_text]Parmi les collaborateurs qui ont particip\u00e9 \u00e0 la cr\u00e9ation d\u2019Inimex, tous sont familiers avec le domaine de l\u2019immigration. Nous travaillons avec des sp\u00e9cialistes et [&hellip;]<\/p>\n","protected":false},"author":1,"featured_media":0,"parent":0,"menu_order":0,"comment_status":"closed","ping_status":"closed","template":"","meta":{"footnotes":""},"yoast_head":"<!-- This site is optimized with the Yoast SEO plugin v17.2 - https:\/\/yoast.com\/wordpress\/plugins\/seo\/ -->\n<title>\u00c0 PROPOS DE INIMEX - Immigration EU<\/title>\n<meta name=\"robots\" content=\"index, follow, max-snippet:-1, max-image-preview:large, max-video-preview:-1\" \/>\n<link rel=\"canonical\" href=\"https:\/\/immigrationeu.es\/fr\/a-propos-de-inimex\/\" \/>\n<meta property=\"og:locale\" content=\"fr_FR\" \/>\n<meta property=\"og:type\" content=\"article\" \/>\n<meta property=\"og:title\" content=\"\u00c0 PROPOS DE INIMEX - Immigration EU\" \/>\n<meta property=\"og:description\" content=\"[vc_row full_width=\u00a0\u00bbstretch_row\u00a0\u00bb background_position=\u00a0\u00bbcenter center\u00a0\u00bb css=\u00a0\u00bb.vc_custom_1566353040370{padding-top: 100px !important;padding-bottom: 100px !important;background-image: url(https:\/\/immigrationeu.es\/wp-content\/uploads\/2019\/08\/About-Inimex.jpg?id=2197) !important;background-position: center !important;background-repeat: no-repeat !important;background-size: cover !important;}\u00a0\u00bb][vc_column width=\u00a0\u00bb1\/6&Prime;][\/vc_column][vc_column width=\u00a0\u00bb2\/3&Prime; css=\u00a0\u00bb.vc_custom_1562593626160{background-color: rgba(20,39,78,0.51) !important;*background-color: rgb(104,0,0) !important;}\u00a0\u00bb][vc_custom_heading text=\u00a0\u00bbABOUT INIMEX\u00a0\u00bb font_container=\u00a0\u00bbtag:h1|font_size:30px|text_align:center|color:%23ffffff|line_height:32px\u00a0\u00bb use_theme_fonts=\u00a0\u00bbyes\u00a0\u00bb css=\u00a0\u00bb.vc_custom_1566353069782{padding-bottom: 25px !important;}\u00a0\u00bb][\/vc_column][vc_column width=\u00a0\u00bb1\/6&Prime;][\/vc_column][\/vc_row][vc_row][vc_column][vc_empty_space][\/vc_column][\/vc_row][vc_row][vc_column][vc_column_text]Parmi les collaborateurs qui ont particip\u00e9 \u00e0 la cr\u00e9ation d\u2019Inimex, tous sont familiers avec le domaine de l\u2019immigration. Nous travaillons avec des sp\u00e9cialistes et [&hellip;]\" \/>\n<meta property=\"og:url\" content=\"https:\/\/immigrationeu.es\/fr\/a-propos-de-inimex\/\" \/>\n<meta property=\"og:site_name\" content=\"Immigration EU\" \/>\n<meta property=\"article:modified_time\" content=\"2020-12-02T21:58:18+00:00\" \/>\n<meta property=\"og:image\" content=\"https:\/\/immigrationeu.es\/wp-content\/uploads\/2021\/06\/inimex-es-logo.png\" \/>\n\t<meta property=\"og:image:width\" content=\"763\" \/>\n\t<meta property=\"og:image:height\" content=\"420\" \/>\n<meta name=\"twitter:card\" content=\"summary_large_image\" \/>\n<meta name=\"twitter:site\" content=\"@inimexcom\" \/>\n<meta name=\"twitter:label1\" content=\"Dur\u00e9e de lecture est.\" \/>\n\t<meta name=\"twitter:data1\" content=\"4 minutes\" \/>\n<script type=\"application\/ld+json\" class=\"yoast-schema-graph\">{\"@context\":\"https:\/\/schema.org\",\"@graph\":[{\"@type\":\"Organization\",\"@id\":\"https:\/\/immigrationeu.es\/#organization\",\"name\":\"Inimex\",\"url\":\"https:\/\/immigrationeu.es\/\",\"sameAs\":[\"https:\/\/www.instagram.com\/inimexinimex\/\",\"https:\/\/www.youtube.com\/channel\/UCH-rQw097uvbDUlhya3lz9A\",\"https:\/\/twitter.com\/inimexcom\"],\"logo\":{\"@type\":\"ImageObject\",\"@id\":\"https:\/\/immigrationeu.es\/#logo\",\"inLanguage\":\"fr-FR\",\"url\":\"https:\/\/immigrationeu.es\/wp-content\/uploads\/2021\/06\/inimex-es-logo.png\",\"contentUrl\":\"https:\/\/immigrationeu.es\/wp-content\/uploads\/2021\/06\/inimex-es-logo.png\",\"width\":763,\"height\":420,\"caption\":\"Inimex\"},\"image\":{\"@id\":\"https:\/\/immigrationeu.es\/#logo\"}},{\"@type\":\"WebSite\",\"@id\":\"https:\/\/immigrationeu.es\/#website\",\"url\":\"https:\/\/immigrationeu.es\/\",\"name\":\"Immigration EU\",\"description\":\"\",\"publisher\":{\"@id\":\"https:\/\/immigrationeu.es\/#organization\"},\"potentialAction\":[{\"@type\":\"SearchAction\",\"target\":{\"@type\":\"EntryPoint\",\"urlTemplate\":\"https:\/\/immigrationeu.es\/?s={search_term_string}\"},\"query-input\":\"required name=search_term_string\"}],\"inLanguage\":\"fr-FR\"},{\"@type\":\"WebPage\",\"@id\":\"https:\/\/immigrationeu.es\/fr\/a-propos-de-inimex\/#webpage\",\"url\":\"https:\/\/immigrationeu.es\/fr\/a-propos-de-inimex\/\",\"name\":\"\\u00c0 PROPOS DE INIMEX - Immigration EU\",\"isPartOf\":{\"@id\":\"https:\/\/immigrationeu.es\/#website\"},\"datePublished\":\"2019-08-21T02:15:49+00:00\",\"dateModified\":\"2020-12-02T21:58:18+00:00\",\"breadcrumb\":{\"@id\":\"https:\/\/immigrationeu.es\/fr\/a-propos-de-inimex\/#breadcrumb\"},\"inLanguage\":\"fr-FR\",\"potentialAction\":[{\"@type\":\"ReadAction\",\"target\":[\"https:\/\/immigrationeu.es\/fr\/a-propos-de-inimex\/\"]}]},{\"@type\":\"BreadcrumbList\",\"@id\":\"https:\/\/immigrationeu.es\/fr\/a-propos-de-inimex\/#breadcrumb\",\"itemListElement\":[{\"@type\":\"ListItem\",\"position\":1,\"name\":\"Home\",\"item\":\"https:\/\/immigrationeu.es\/fr\/\"},{\"@type\":\"ListItem\",\"position\":2,\"name\":\"\\u00c0 PROPOS DE INIMEX\"}]}]}<\/script>\n<!-- \/ Yoast SEO plugin. -->","yoast_head_json":{"title":"\u00c0 PROPOS DE INIMEX - Immigration EU","robots":{"index":"index","follow":"follow","max-snippet":"max-snippet:-1","max-image-preview":"max-image-preview:large","max-video-preview":"max-video-preview:-1"},"canonical":"https:\/\/immigrationeu.es\/fr\/a-propos-de-inimex\/","og_locale":"fr_FR","og_type":"article","og_title":"\u00c0 PROPOS DE INIMEX - Immigration EU","og_description":"[vc_row full_width=\u00a0\u00bbstretch_row\u00a0\u00bb background_position=\u00a0\u00bbcenter center\u00a0\u00bb css=\u00a0\u00bb.vc_custom_1566353040370{padding-top: 100px !important;padding-bottom: 100px !important;background-image: url(https:\/\/immigrationeu.es\/wp-content\/uploads\/2019\/08\/About-Inimex.jpg?id=2197) !important;background-position: center !important;background-repeat: no-repeat !important;background-size: cover !important;}\u00a0\u00bb][vc_column width=\u00a0\u00bb1\/6&Prime;][\/vc_column][vc_column width=\u00a0\u00bb2\/3&Prime; css=\u00a0\u00bb.vc_custom_1562593626160{background-color: rgba(20,39,78,0.51) !important;*background-color: rgb(104,0,0) !important;}\u00a0\u00bb][vc_custom_heading text=\u00a0\u00bbABOUT INIMEX\u00a0\u00bb font_container=\u00a0\u00bbtag:h1|font_size:30px|text_align:center|color:%23ffffff|line_height:32px\u00a0\u00bb use_theme_fonts=\u00a0\u00bbyes\u00a0\u00bb css=\u00a0\u00bb.vc_custom_1566353069782{padding-bottom: 25px !important;}\u00a0\u00bb][\/vc_column][vc_column width=\u00a0\u00bb1\/6&Prime;][\/vc_column][\/vc_row][vc_row][vc_column][vc_empty_space][\/vc_column][\/vc_row][vc_row][vc_column][vc_column_text]Parmi les collaborateurs qui ont particip\u00e9 \u00e0 la cr\u00e9ation d\u2019Inimex, tous sont familiers avec le domaine de l\u2019immigration. Nous travaillons avec des sp\u00e9cialistes et [&hellip;]","og_url":"https:\/\/immigrationeu.es\/fr\/a-propos-de-inimex\/","og_site_name":"Immigration EU","article_modified_time":"2020-12-02T21:58:18+00:00","og_image":[{"width":763,"height":420,"url":"https:\/\/immigrationeu.es\/wp-content\/uploads\/2021\/06\/inimex-es-logo.png","path":"\/home\/immigra9\/immigrationeu.es\/wp-content\/uploads\/2021\/06\/inimex-es-logo.png","size":"full","id":4109,"alt":"","pixels":320460,"type":"image\/png"}],"twitter_card":"summary_large_image","twitter_site":"@inimexcom","twitter_misc":{"Dur\u00e9e de lecture est.":"4 minutes"},"schema":{"@context":"https:\/\/schema.org","@graph":[{"@type":"Organization","@id":"https:\/\/immigrationeu.es\/#organization","name":"Inimex","url":"https:\/\/immigrationeu.es\/","sameAs":["https:\/\/www.instagram.com\/inimexinimex\/","https:\/\/www.youtube.com\/channel\/UCH-rQw097uvbDUlhya3lz9A","https:\/\/twitter.com\/inimexcom"],"logo":{"@type":"ImageObject","@id":"https:\/\/immigrationeu.es\/#logo","inLanguage":"fr-FR","url":"https:\/\/immigrationeu.es\/wp-content\/uploads\/2021\/06\/inimex-es-logo.png","contentUrl":"https:\/\/immigrationeu.es\/wp-content\/uploads\/2021\/06\/inimex-es-logo.png","width":763,"height":420,"caption":"Inimex"},"image":{"@id":"https:\/\/immigrationeu.es\/#logo"}},{"@type":"WebSite","@id":"https:\/\/immigrationeu.es\/#website","url":"https:\/\/immigrationeu.es\/","name":"Immigration EU","description":"","publisher":{"@id":"https:\/\/immigrationeu.es\/#organization"},"potentialAction":[{"@type":"SearchAction","target":{"@type":"EntryPoint","urlTemplate":"https:\/\/immigrationeu.es\/?s={search_term_string}"},"query-input":"required name=search_term_string"}],"inLanguage":"fr-FR"},{"@type":"WebPage","@id":"https:\/\/immigrationeu.es\/fr\/a-propos-de-inimex\/#webpage","url":"https:\/\/immigrationeu.es\/fr\/a-propos-de-inimex\/","name":"\u00c0 PROPOS DE INIMEX - Immigration EU","isPartOf":{"@id":"https:\/\/immigrationeu.es\/#website"},"datePublished":"2019-08-21T02:15:49+00:00","dateModified":"2020-12-02T21:58:18+00:00","breadcrumb":{"@id":"https:\/\/immigrationeu.es\/fr\/a-propos-de-inimex\/#breadcrumb"},"inLanguage":"fr-FR","potentialAction":[{"@type":"ReadAction","target":["https:\/\/immigrationeu.es\/fr\/a-propos-de-inimex\/"]}]},{"@type":"BreadcrumbList","@id":"https:\/\/immigrationeu.es\/fr\/a-propos-de-inimex\/#breadcrumb","itemListElement":[{"@type":"ListItem","position":1,"name":"Home","item":"https:\/\/immigrationeu.es\/fr\/"},{"@type":"ListItem","position":2,"name":"\u00c0 PROPOS DE INIMEX"}]}]}},"_links":{"self":[{"href":"https:\/\/immigrationeu.es\/fr\/wp-json\/wp\/v2\/pages\/2207"}],"collection":[{"href":"https:\/\/immigrationeu.es\/fr\/wp-json\/wp\/v2\/pages"}],"about":[{"href":"https:\/\/immigrationeu.es\/fr\/wp-json\/wp\/v2\/types\/page"}],"author":[{"embeddable":true,"href":"https:\/\/immigrationeu.es\/fr\/wp-json\/wp\/v2\/users\/1"}],"replies":[{"embeddable":true,"href":"https:\/\/immigrationeu.es\/fr\/wp-json\/wp\/v2\/comments?post=2207"}],"version-history":[{"count":3,"href":"https:\/\/immigrationeu.es\/fr\/wp-json\/wp\/v2\/pages\/2207\/revisions"}],"predecessor-version":[{"id":3241,"href":"https:\/\/immigrationeu.es\/fr\/wp-json\/wp\/v2\/pages\/2207\/revisions\/3241"}],"wp:attachment":[{"href":"https:\/\/immigrationeu.es\/fr\/wp-json\/wp\/v2\/media?parent=2207"}],"curies":[{"name":"wp","href":"https:\/\/api.w.org\/{rel}","templated":true}]}}