{"id":4377,"date":"2021-06-01T01:52:37","date_gmt":"2021-06-01T01:52:37","guid":{"rendered":"https:\/\/immigrationeu.es\/immigration-programs-brazil\/"},"modified":"2023-08-11T06:59:26","modified_gmt":"2023-08-11T06:59:26","slug":"bresil-programmes-immigration","status":"publish","type":"page","link":"https:\/\/immigrationeu.es\/fr\/bresil-programmes-immigration\/","title":{"rendered":"Br\u00e9sil : Programmes d&rsquo;immigration"},"content":{"rendered":"<p>[vc_row full_width=\u00a0\u00bbstretch_row\u00a0\u00bb content_placement=\u00a0\u00bbtop\u00a0\u00bb background_position=\u00a0\u00bbcenter center\u00a0\u00bb css=\u00a0\u00bb.vc_custom_1668595417108{padding-top: 80px !important;padding-bottom: 80px !important;background-image: url(https:\/\/immigrationeu.es\/wp-content\/uploads\/2022\/11\/10-Ciudades-de-Brasil.-Imprescindibles-1.jpg?id=6072) !important;background-position: center !important;background-repeat: no-repeat !important;background-size: cover !important;}\u00a0\u00bb][vc_column width=\u00a0\u00bb1\/6&Prime;][\/vc_column][vc_column width=\u00a0\u00bb2\/3&Prime; css=\u00a0\u00bb.vc_custom_1622511841833{background-color: rgba(20,39,78,0.51) !important;*background-color: rgb(20,39,78) !important;}\u00a0\u00bb][vc_custom_heading text=\u00a0\u00bbPROGRAMMES D&rsquo;IMMIGRATION POUR LE BR\u00c9SIL\u00a0\u00bb font_container=\u00a0\u00bbtag:h1|font_size:30px|text_align:center|color:%23ffffff|line_height:36px\u00a0\u00bb use_theme_fonts=\u00a0\u00bbyes\u00a0\u00bb css=\u00a0\u00bb.vc_custom_1625226987274{margin-bottom: 30px !important;}\u00a0\u00bb][\/vc_column][vc_column width=\u00a0\u00bb1\/6&Prime;][\/vc_column][\/vc_row][vc_row full_width=\u00a0\u00bbstretch_row_content\u00a0\u00bb css=\u00a0\u00bb.vc_custom_1562694247586{background-color: #f8f9fa !important;}\u00a0\u00bb][vc_column width=\u00a0\u00bb3\/4&Prime;][vc_row_inner el_id=\u00a0\u00bbbox_shadow\u00a0\u00bb css=\u00a0\u00bb.vc_custom_1565921267875{margin-right: 0px !important;margin-bottom: 25px !important;margin-left: 0px !important;padding-top: 20px !important;}\u00a0\u00bb][vc_column_inner width=\u00a0\u00bb1\/3&Prime;][vc_single_image image=\u00a0\u00bb6072&Prime; img_size=\u00a0\u00bbmedium\u00a0\u00bb alignment=\u00a0\u00bbcenter\u00a0\u00bb][\/vc_column_inner][vc_column_inner width=\u00a0\u00bb2\/3&Prime; css=\u00a0\u00bb.vc_custom_1565920961366{padding-left: 20px !important;}\u00a0\u00bb][vc_custom_heading text=\u00a0\u00bbVisa d&rsquo;investisseur\u00a0\u00bb font_container=\u00a0\u00bbtag:h2|font_size:20px|text_align:left|color:%23000000|line_height:22px\u00a0\u00bb google_fonts=\u00a0\u00bbfont_family:Raleway%3A100%2C200%2C300%2Cregular%2C500%2C600%2C700%2C800%2C900|font_style:600%20bold%20regular%3A600%3Anormal\u00a0\u00bb css=\u00a0\u00bb.vc_custom_1625227353820{margin-bottom: 20px !important;}\u00a0\u00bb][vc_column_text css=\u00a0\u00bb.vc_custom_1691737161808{margin-bottom: 12px !important;}\u00a0\u00bb]Un visa d&rsquo;investisseur permet \u00e0 un \u00e9tranger de vivre et de travailler de mani\u00e8re permanente au Br\u00e9sil, par le biais de l&rsquo;investissement. Une fois que vous aurez obtenu un visa d&rsquo;investisseur, vous pourrez investir dans une entreprise au Br\u00e9sil, dans l&rsquo;immobilier ou dans des actions. L&rsquo;obtention d&rsquo;un visa d&rsquo;investisseur br\u00e9silien vous permettra de vivre et de travailler de mani\u00e8re permanente au Br\u00e9sil.<\/p>\n<p>L&rsquo;\u00e9quipe d&rsquo;Inimex et de <a href=\"https:\/\/www.vip-serveis.com\/\">VIP Serveis<\/a> s&rsquo;engage \u00e0 vous fournir tout le soutien n\u00e9cessaire pour la pr\u00e9paration des documents de demande de visa, leur traduction ou la planification de votre \u00e9tablissement dans le pays, sur les programmes d&rsquo;immigration au Br\u00e9sil. Si vous \u00eates int\u00e9ress\u00e9 par ce type de service, n&rsquo;h\u00e9sitez pas \u00e0 nous contacter apr\u00e8s avoir pris connaissance des sp\u00e9cificit\u00e9s du programme.[\/vc_column_text]<div id=\"nitro_custom_css_1809830730\" class=\"sc-button \"><a href=\"\/fr\/brazil-immigration-program-1\/\" title=\"\" target=\"_self\"><span>Learn More<\/span><\/a><\/div>[\/vc_column_inner][\/vc_row_inner][vc_row_inner css=\u00a0\u00bb.vc_custom_1622512060430{margin-right: 0px !important;margin-bottom: 25px !important;margin-left: 0px !important;padding-top: 20px !important;}\u00a0\u00bb el_id=\u00a0\u00bbbox_shadow\u00a0\u00bb][vc_column_inner width=\u00a0\u00bb1\/3&Prime;][vc_single_image image=\u00a0\u00bb3982&Prime; img_size=\u00a0\u00bbmedium\u00a0\u00bb alignment=\u00a0\u00bbcenter\u00a0\u00bb][\/vc_column_inner][vc_column_inner width=\u00a0\u00bb2\/3&Prime; css=\u00a0\u00bb.vc_custom_1565920961366{padding-left: 20px !important;}\u00a0\u00bb][vc_custom_heading text=\u00a0\u00bbVisa Viper\u00a0\u00bb font_container=\u00a0\u00bbtag:h2|font_size:20px|text_align:left|color:%23000000|line_height:22px\u00a0\u00bb google_fonts=\u00a0\u00bbfont_family:Raleway%3A100%2C200%2C300%2Cregular%2C500%2C600%2C700%2C800%2C900|font_style:600%20bold%20regular%3A600%3Anormal\u00a0\u00bb css=\u00a0\u00bb.vc_custom_1625227368390{margin-bottom: 20px !important;}\u00a0\u00bb][vc_column_text css=\u00a0\u00bb.vc_custom_1691679234813{margin-bottom: 12px !important;}\u00a0\u00bb]Le visa Viper permet \u00e0 un \u00e9tranger de s&rsquo;installer de mani\u00e8re permanente au Br\u00e9sil sans y travailler. Il est donc id\u00e9al pour toute personne financi\u00e8rement ind\u00e9pendante souhaitant s&rsquo;installer dans le pays pour prendre sa retraite ou simplement profiter d&rsquo;un nouvel environnement.<\/p>\n<p>L&rsquo;\u00e9quipe d&rsquo;Inimex propose diff\u00e9rents programmes d&rsquo;immigration au Br\u00e9sil et vous fournira une assistance compl\u00e8te pour la pr\u00e9paration de la demande de visa et l&rsquo;installation dans le pays.<\/p>\n<p>Pour en savoir plus sur le programme de visa Viper, vous trouverez toutes les informations n\u00e9cessaires sur cette page. Si vous avez des questions sur l&rsquo;immigration au Br\u00e9sil en tant que personne financi\u00e8rement ind\u00e9pendante, vous pouvez nous contacter. Nous nous ferons un plaisir de vous aider.[\/vc_column_text]<div id=\"nitro_custom_css_1896523858\" class=\"sc-button \"><a href=\"\/fr\/brazil-immigration-program-2\/\" title=\"\" target=\"_self\"><span>Learn More<\/span><\/a><\/div>[\/vc_column_inner][\/vc_row_inner][vc_empty_space][\/vc_column][vc_column width=\u00a0\u00bb1\/4&Prime;][vc_row_inner][vc_column_inner][vc_widget_sidebar sidebar_id=\u00a0\u00bbnitro-sidebar-3&Prime; el_id=\u00a0\u00bbbox_shadow_padding\u00a0\u00bb][\/vc_column_inner][vc_column_inner][vc_widget_sidebar sidebar_id=\u00a0\u00bbnitro-sidebar-34&Prime; el_id=\u00a0\u00bbbox_shadow_padding\u00a0\u00bb][\/vc_column_inner][\/vc_row_inner][\/vc_column][\/vc_row][vc_row full_width=\u00a0\u00bbstretch_row\u00a0\u00bb background_position=\u00a0\u00bbright top\u00a0\u00bb css=\u00a0\u00bb.vc_custom_1622511869722{padding-top: 40px !important;padding-bottom: 20px !important;background-color: #14274e !important;background-position: center !important;background-repeat: no-repeat !important;background-size: cover !important;}\u00a0\u00bb][vc_column width=\u00a0\u00bb1\/4&Prime; css=\u00a0\u00bb.vc_custom_1562383084786{margin-bottom: 30px !important;}\u00a0\u00bb][vc_widget_sidebar sidebar_id=\u00a0\u00bbnitro-sidebar-51&Prime;][\/vc_column][vc_column width=\u00a0\u00bb1\/3&Prime; css=\u00a0\u00bb.vc_custom_1562383090392{margin-bottom: 30px !important;}\u00a0\u00bb][vc_widget_sidebar sidebar_id=\u00a0\u00bbnitro-sidebar-52&Prime;][\/vc_column][vc_column width=\u00a0\u00bb1\/3&Prime; css=\u00a0\u00bb.vc_custom_1562383096710{margin-bottom: 30px !important;}\u00a0\u00bb][vc_widget_sidebar sidebar_id=\u00a0\u00bbnitro-sidebar-53&Prime;][\/vc_column][\/vc_row][vc_row full_width=\u00a0\u00bbstretch_row\u00a0\u00bb content_placement=\u00a0\u00bbmiddle\u00a0\u00bb css=\u00a0\u00bb.vc_custom_1606925812237{background-color: #f8f9fa !important;}\u00a0\u00bb][vc_column width=\u00a0\u00bb1\/2&Prime;][vc_column_text css=\u00a0\u00bb.vc_custom_1606926041350{margin-top: 0px !important;margin-bottom: 0px !important;}\u00a0\u00bb]\n<div class=\"wpml-ls-statics-footer wpml-ls wpml-ls-legacy-list-horizontal\">\n\t<ul><li class=\"wpml-ls-slot-footer wpml-ls-item wpml-ls-item-fr wpml-ls-current-language wpml-ls-item-legacy-list-horizontal\">\n\t\t\t\t<a href=\"https:\/\/immigrationeu.es\/fr\/\" class=\"wpml-ls-link\">\n                                                        <img decoding=\"async\"\n            class=\"wpml-ls-flag\"\n            src=\"https:\/\/immigrationeu.es\/wp-content\/plugins\/sitepress-multilingual-cms\/res\/flags\/fr.png\"\n            alt=\"\"\n            width=18\n            height=12\n    \/><span class=\"wpml-ls-native\">Fran\u00e7ais<\/span><\/a>\n\t\t\t<\/li><li class=\"wpml-ls-slot-footer wpml-ls-item wpml-ls-item-en wpml-ls-first-item wpml-ls-item-legacy-list-horizontal\">\n\t\t\t\t<a href=\"https:\/\/immigrationeu.es\" class=\"wpml-ls-link\">\n                                                        <img decoding=\"async\"\n            class=\"wpml-ls-flag\"\n            src=\"https:\/\/immigrationeu.es\/wp-content\/plugins\/sitepress-multilingual-cms\/res\/flags\/en.png\"\n            alt=\"\"\n            width=18\n            height=12\n    \/><span class=\"wpml-ls-native\" lang=\"en\">English<\/span><\/a>\n\t\t\t<\/li><li class=\"wpml-ls-slot-footer wpml-ls-item wpml-ls-item-ru wpml-ls-item-legacy-list-horizontal\">\n\t\t\t\t<a href=\"https:\/\/immigrationeu.es\/ru\/\" class=\"wpml-ls-link\">\n                                                        <img decoding=\"async\"\n            class=\"wpml-ls-flag\"\n            src=\"https:\/\/immigrationeu.es\/wp-content\/plugins\/sitepress-multilingual-cms\/res\/flags\/ru.png\"\n            alt=\"\"\n            width=18\n            height=12\n    \/><span class=\"wpml-ls-native\" lang=\"ru\">\u0420\u0443\u0441\u0441\u043a\u0438\u0439<\/span><\/a>\n\t\t\t<\/li><li class=\"wpml-ls-slot-footer wpml-ls-item wpml-ls-item-es wpml-ls-item-legacy-list-horizontal\">\n\t\t\t\t<a href=\"https:\/\/immigrationeu.es\/es\/\" class=\"wpml-ls-link\">\n                                                        <img decoding=\"async\"\n            class=\"wpml-ls-flag\"\n            src=\"https:\/\/immigrationeu.es\/wp-content\/plugins\/sitepress-multilingual-cms\/res\/flags\/es.png\"\n            alt=\"\"\n            width=18\n            height=12\n    \/><span class=\"wpml-ls-native\" lang=\"es\">Espa\u00f1ol<\/span><\/a>\n\t\t\t<\/li><li class=\"wpml-ls-slot-footer wpml-ls-item wpml-ls-item-cn wpml-ls-last-item wpml-ls-item-legacy-list-horizontal\">\n\t\t\t\t<a href=\"https:\/\/immigrationeu.es\/cn\/\" class=\"wpml-ls-link\">\n                                                        <img decoding=\"async\"\n            class=\"wpml-ls-flag\"\n            src=\"https:\/\/immigrationeu.es\/wp-content\/uploads\/flags\/cn.png\"\n            alt=\"\"\n            width=18\n            height=12\n    \/><span class=\"wpml-ls-native\" lang=\"cn\">Chinese <\/span><\/a>\n\t\t\t<\/li><\/ul>\n<\/div>\n[\/vc_column_text][\/vc_column][vc_column width=\u00a0\u00bb1\/2&Prime;][vc_widget_sidebar sidebar_id=\u00a0\u00bbnitro-sidebar-54&Prime;][\/vc_column][\/vc_row]<\/p>\n","protected":false},"excerpt":{"rendered":"<p>[vc_row full_width=\u00a0\u00bbstretch_row\u00a0\u00bb content_placement=\u00a0\u00bbtop\u00a0\u00bb background_position=\u00a0\u00bbcenter center\u00a0\u00bb css=\u00a0\u00bb.vc_custom_1668595417108{padding-top: 80px !important;padding-bottom: 80px !important;background-image: url(https:\/\/immigrationeu.es\/wp-content\/uploads\/2022\/11\/10-Ciudades-de-Brasil.-Imprescindibles-1.jpg?id=6072) !important;background-position: center !important;background-repeat: no-repeat !important;background-size: cover !important;}\u00a0\u00bb][vc_column width=\u00a0\u00bb1\/6&Prime;][\/vc_column][vc_column width=\u00a0\u00bb2\/3&Prime; css=\u00a0\u00bb.vc_custom_1622511841833{background-color: rgba(20,39,78,0.51) !important;*background-color: rgb(20,39,78) !important;}\u00a0\u00bb][vc_custom_heading text=\u00a0\u00bbPROGRAMMES D&rsquo;IMMIGRATION POUR LE BR\u00c9SIL\u00a0\u00bb font_container=\u00a0\u00bbtag:h1|font_size:30px|text_align:center|color:%23ffffff|line_height:36px\u00a0\u00bb use_theme_fonts=\u00a0\u00bbyes\u00a0\u00bb css=\u00a0\u00bb.vc_custom_1625226987274{margin-bottom: 30px !important;}\u00a0\u00bb][\/vc_column][vc_column width=\u00a0\u00bb1\/6&Prime;][\/vc_column][\/vc_row][vc_row full_width=\u00a0\u00bbstretch_row_content\u00a0\u00bb css=\u00a0\u00bb.vc_custom_1562694247586{background-color: #f8f9fa !important;}\u00a0\u00bb][vc_column width=\u00a0\u00bb3\/4&Prime;][vc_row_inner el_id=\u00a0\u00bbbox_shadow\u00a0\u00bb css=\u00a0\u00bb.vc_custom_1565921267875{margin-right: 0px !important;margin-bottom: 25px !important;margin-left: 0px !important;padding-top: 20px !important;}\u00a0\u00bb][vc_column_inner width=\u00a0\u00bb1\/3&Prime;][vc_single_image image=\u00a0\u00bb6072&Prime; img_size=\u00a0\u00bbmedium\u00a0\u00bb alignment=\u00a0\u00bbcenter\u00a0\u00bb][\/vc_column_inner][vc_column_inner [&hellip;]<\/p>\n","protected":false},"author":1,"featured_media":0,"parent":0,"menu_order":0,"comment_status":"closed","ping_status":"closed","template":"","meta":{"footnotes":""},"yoast_head":"<!-- This site is optimized with the Yoast SEO plugin v17.2 - https:\/\/yoast.com\/wordpress\/plugins\/seo\/ -->\n<title>BR\u00c9SIL: PROGRAMMES D&#039;IMMIGRATION +351 920 329 654<\/title>\n<meta name=\"description\" content=\"BR\u00c9SIL: PROGRAMMES D&#039;IMMIGRATION | VISA D&#039;INVESTISSEUR | VIPER VISA | BR\u00c9SIL R\u00c9SIDENCE | CITOYENNET\u00c9 | NATURALISATION | +351 920 329 654\" \/>\n<meta name=\"robots\" content=\"index, follow, max-snippet:-1, max-image-preview:large, max-video-preview:-1\" \/>\n<link rel=\"canonical\" href=\"https:\/\/immigrationeu.es\/fr\/bresil-programmes-immigration\/\" \/>\n<meta property=\"og:locale\" content=\"fr_FR\" \/>\n<meta property=\"og:type\" content=\"article\" \/>\n<meta property=\"og:title\" content=\"BR\u00c9SIL: PROGRAMMES D&#039;IMMIGRATION +351 920 329 654\" \/>\n<meta property=\"og:description\" content=\"BR\u00c9SIL: PROGRAMMES D&#039;IMMIGRATION | VISA D&#039;INVESTISSEUR | VIPER VISA | BR\u00c9SIL R\u00c9SIDENCE | CITOYENNET\u00c9 | NATURALISATION | +351 920 329 654\" \/>\n<meta property=\"og:url\" content=\"https:\/\/immigrationeu.es\/fr\/bresil-programmes-immigration\/\" \/>\n<meta property=\"og:site_name\" content=\"Immigration EU\" \/>\n<meta property=\"article:modified_time\" content=\"2023-08-11T06:59:26+00:00\" \/>\n<meta property=\"og:image\" content=\"https:\/\/immigrationeu.es\/wp-content\/uploads\/2021\/06\/inimex-es-logo.png\" \/>\n\t<meta property=\"og:image:width\" content=\"763\" \/>\n\t<meta property=\"og:image:height\" content=\"420\" \/>\n<meta name=\"twitter:card\" content=\"summary_large_image\" \/>\n<meta name=\"twitter:site\" content=\"@inimexcom\" \/>\n<meta name=\"twitter:label1\" content=\"Dur\u00e9e de lecture est.\" \/>\n\t<meta name=\"twitter:data1\" content=\"2 minutes\" \/>\n<script type=\"application\/ld+json\" class=\"yoast-schema-graph\">{\"@context\":\"https:\/\/schema.org\",\"@graph\":[{\"@type\":\"Organization\",\"@id\":\"https:\/\/immigrationeu.es\/#organization\",\"name\":\"Inimex\",\"url\":\"https:\/\/immigrationeu.es\/\",\"sameAs\":[\"https:\/\/www.instagram.com\/inimexinimex\/\",\"https:\/\/www.youtube.com\/channel\/UCH-rQw097uvbDUlhya3lz9A\",\"https:\/\/twitter.com\/inimexcom\"],\"logo\":{\"@type\":\"ImageObject\",\"@id\":\"https:\/\/immigrationeu.es\/#logo\",\"inLanguage\":\"fr-FR\",\"url\":\"https:\/\/immigrationeu.es\/wp-content\/uploads\/2021\/06\/inimex-es-logo.png\",\"contentUrl\":\"https:\/\/immigrationeu.es\/wp-content\/uploads\/2021\/06\/inimex-es-logo.png\",\"width\":763,\"height\":420,\"caption\":\"Inimex\"},\"image\":{\"@id\":\"https:\/\/immigrationeu.es\/#logo\"}},{\"@type\":\"WebSite\",\"@id\":\"https:\/\/immigrationeu.es\/#website\",\"url\":\"https:\/\/immigrationeu.es\/\",\"name\":\"Immigration EU\",\"description\":\"\",\"publisher\":{\"@id\":\"https:\/\/immigrationeu.es\/#organization\"},\"potentialAction\":[{\"@type\":\"SearchAction\",\"target\":{\"@type\":\"EntryPoint\",\"urlTemplate\":\"https:\/\/immigrationeu.es\/?s={search_term_string}\"},\"query-input\":\"required name=search_term_string\"}],\"inLanguage\":\"fr-FR\"},{\"@type\":\"WebPage\",\"@id\":\"https:\/\/immigrationeu.es\/fr\/bresil-programmes-immigration\/#webpage\",\"url\":\"https:\/\/immigrationeu.es\/fr\/bresil-programmes-immigration\/\",\"name\":\"BR\\u00c9SIL: PROGRAMMES D'IMMIGRATION +351 920 329 654\",\"isPartOf\":{\"@id\":\"https:\/\/immigrationeu.es\/#website\"},\"datePublished\":\"2021-06-01T01:52:37+00:00\",\"dateModified\":\"2023-08-11T06:59:26+00:00\",\"description\":\"BR\\u00c9SIL: PROGRAMMES D'IMMIGRATION | VISA D'INVESTISSEUR | VIPER VISA | BR\\u00c9SIL R\\u00c9SIDENCE | CITOYENNET\\u00c9 | NATURALISATION | +351 920 329 654\",\"breadcrumb\":{\"@id\":\"https:\/\/immigrationeu.es\/fr\/bresil-programmes-immigration\/#breadcrumb\"},\"inLanguage\":\"fr-FR\",\"potentialAction\":[{\"@type\":\"ReadAction\",\"target\":[\"https:\/\/immigrationeu.es\/fr\/bresil-programmes-immigration\/\"]}]},{\"@type\":\"BreadcrumbList\",\"@id\":\"https:\/\/immigrationeu.es\/fr\/bresil-programmes-immigration\/#breadcrumb\",\"itemListElement\":[{\"@type\":\"ListItem\",\"position\":1,\"name\":\"Home\",\"item\":\"https:\/\/immigrationeu.es\/fr\/\"},{\"@type\":\"ListItem\",\"position\":2,\"name\":\"Br\\u00e9sil : Programmes d&#8217;immigration\"}]}]}<\/script>\n<!-- \/ Yoast SEO plugin. -->","yoast_head_json":{"title":"BR\u00c9SIL: PROGRAMMES D'IMMIGRATION +351 920 329 654","description":"BR\u00c9SIL: PROGRAMMES D'IMMIGRATION | VISA D'INVESTISSEUR | VIPER VISA | BR\u00c9SIL R\u00c9SIDENCE | CITOYENNET\u00c9 | NATURALISATION | +351 920 329 654","robots":{"index":"index","follow":"follow","max-snippet":"max-snippet:-1","max-image-preview":"max-image-preview:large","max-video-preview":"max-video-preview:-1"},"canonical":"https:\/\/immigrationeu.es\/fr\/bresil-programmes-immigration\/","og_locale":"fr_FR","og_type":"article","og_title":"BR\u00c9SIL: PROGRAMMES D'IMMIGRATION +351 920 329 654","og_description":"BR\u00c9SIL: PROGRAMMES D'IMMIGRATION | VISA D'INVESTISSEUR | VIPER VISA | BR\u00c9SIL R\u00c9SIDENCE | CITOYENNET\u00c9 | NATURALISATION | +351 920 329 654","og_url":"https:\/\/immigrationeu.es\/fr\/bresil-programmes-immigration\/","og_site_name":"Immigration EU","article_modified_time":"2023-08-11T06:59:26+00:00","og_image":[{"width":763,"height":420,"url":"https:\/\/immigrationeu.es\/wp-content\/uploads\/2021\/06\/inimex-es-logo.png","path":"\/home\/immigra9\/immigrationeu.es\/wp-content\/uploads\/2021\/06\/inimex-es-logo.png","size":"full","id":4109,"alt":"","pixels":320460,"type":"image\/png"}],"twitter_card":"summary_large_image","twitter_site":"@inimexcom","twitter_misc":{"Dur\u00e9e de lecture est.":"2 minutes"},"schema":{"@context":"https:\/\/schema.org","@graph":[{"@type":"Organization","@id":"https:\/\/immigrationeu.es\/#organization","name":"Inimex","url":"https:\/\/immigrationeu.es\/","sameAs":["https:\/\/www.instagram.com\/inimexinimex\/","https:\/\/www.youtube.com\/channel\/UCH-rQw097uvbDUlhya3lz9A","https:\/\/twitter.com\/inimexcom"],"logo":{"@type":"ImageObject","@id":"https:\/\/immigrationeu.es\/#logo","inLanguage":"fr-FR","url":"https:\/\/immigrationeu.es\/wp-content\/uploads\/2021\/06\/inimex-es-logo.png","contentUrl":"https:\/\/immigrationeu.es\/wp-content\/uploads\/2021\/06\/inimex-es-logo.png","width":763,"height":420,"caption":"Inimex"},"image":{"@id":"https:\/\/immigrationeu.es\/#logo"}},{"@type":"WebSite","@id":"https:\/\/immigrationeu.es\/#website","url":"https:\/\/immigrationeu.es\/","name":"Immigration EU","description":"","publisher":{"@id":"https:\/\/immigrationeu.es\/#organization"},"potentialAction":[{"@type":"SearchAction","target":{"@type":"EntryPoint","urlTemplate":"https:\/\/immigrationeu.es\/?s={search_term_string}"},"query-input":"required name=search_term_string"}],"inLanguage":"fr-FR"},{"@type":"WebPage","@id":"https:\/\/immigrationeu.es\/fr\/bresil-programmes-immigration\/#webpage","url":"https:\/\/immigrationeu.es\/fr\/bresil-programmes-immigration\/","name":"BR\u00c9SIL: PROGRAMMES D'IMMIGRATION +351 920 329 654","isPartOf":{"@id":"https:\/\/immigrationeu.es\/#website"},"datePublished":"2021-06-01T01:52:37+00:00","dateModified":"2023-08-11T06:59:26+00:00","description":"BR\u00c9SIL: PROGRAMMES D'IMMIGRATION | VISA D'INVESTISSEUR | VIPER VISA | BR\u00c9SIL R\u00c9SIDENCE | CITOYENNET\u00c9 | NATURALISATION | +351 920 329 654","breadcrumb":{"@id":"https:\/\/immigrationeu.es\/fr\/bresil-programmes-immigration\/#breadcrumb"},"inLanguage":"fr-FR","potentialAction":[{"@type":"ReadAction","target":["https:\/\/immigrationeu.es\/fr\/bresil-programmes-immigration\/"]}]},{"@type":"BreadcrumbList","@id":"https:\/\/immigrationeu.es\/fr\/bresil-programmes-immigration\/#breadcrumb","itemListElement":[{"@type":"ListItem","position":1,"name":"Home","item":"https:\/\/immigrationeu.es\/fr\/"},{"@type":"ListItem","position":2,"name":"Br\u00e9sil : Programmes d&#8217;immigration"}]}]}},"_links":{"self":[{"href":"https:\/\/immigrationeu.es\/fr\/wp-json\/wp\/v2\/pages\/4377"}],"collection":[{"href":"https:\/\/immigrationeu.es\/fr\/wp-json\/wp\/v2\/pages"}],"about":[{"href":"https:\/\/immigrationeu.es\/fr\/wp-json\/wp\/v2\/types\/page"}],"author":[{"embeddable":true,"href":"https:\/\/immigrationeu.es\/fr\/wp-json\/wp\/v2\/users\/1"}],"replies":[{"embeddable":true,"href":"https:\/\/immigrationeu.es\/fr\/wp-json\/wp\/v2\/comments?post=4377"}],"version-history":[{"count":11,"href":"https:\/\/immigrationeu.es\/fr\/wp-json\/wp\/v2\/pages\/4377\/revisions"}],"predecessor-version":[{"id":7322,"href":"https:\/\/immigrationeu.es\/fr\/wp-json\/wp\/v2\/pages\/4377\/revisions\/7322"}],"wp:attachment":[{"href":"https:\/\/immigrationeu.es\/fr\/wp-json\/wp\/v2\/media?parent=4377"}],"curies":[{"name":"wp","href":"https:\/\/api.w.org\/{rel}","templated":true}]}}