{"id":4547,"date":"2021-06-01T01:55:26","date_gmt":"2021-06-01T01:55:26","guid":{"rendered":"https:\/\/immigrationeu.es\/immigration-programs-spain\/"},"modified":"2023-10-17T10:08:04","modified_gmt":"2023-10-17T10:08:04","slug":"immigration-visa-espagne","status":"publish","type":"page","link":"https:\/\/immigrationeu.es\/fr\/immigration-visa-espagne\/","title":{"rendered":"Espagne : Programmes d&rsquo;immigration en Espagne"},"content":{"rendered":"<p>[vc_row full_width=\u00a0\u00bbstretch_row\u00a0\u00bb content_placement=\u00a0\u00bbtop\u00a0\u00bb background_position=\u00a0\u00bbcenter center\u00a0\u00bb css=\u00a0\u00bb.vc_custom_1668166383572{padding-top: 80px !important;padding-bottom: 80px !important;background-image: url(https:\/\/immigrationeu.es\/wp-content\/uploads\/2022\/11\/UltimateMadrid__HERO_shutterstock_374325199.jpg?id=5645) !important;background-position: center !important;background-repeat: no-repeat !important;background-size: cover !important;}\u00a0\u00bb][vc_column width=\u00a0\u00bb1\/6&Prime;][\/vc_column][vc_column width=\u00a0\u00bb2\/3&Prime; css=\u00a0\u00bb.vc_custom_1622511841833{background-color: rgba(20,39,78,0.51) !important;*background-color: rgb(20,39,78) !important;}\u00a0\u00bb][vc_custom_heading text=\u00a0\u00bbESPAGNES : PROGRAMMES D&rsquo;IMMIGRATION\u00a0\u00bb font_container=\u00a0\u00bbtag:h1|font_size:30px|text_align:center|color:%23ffffff|line_height:36px\u00a0\u00bb use_theme_fonts=\u00a0\u00bbyes\u00a0\u00bb css=\u00a0\u00bb.vc_custom_1697453095543{margin-bottom: 30px !important;}\u00a0\u00bb][\/vc_column][vc_column width=\u00a0\u00bb1\/6&Prime;][\/vc_column][\/vc_row][vc_row full_width=\u00a0\u00bbstretch_row_content\u00a0\u00bb css=\u00a0\u00bb.vc_custom_1562694247586{background-color: #f8f9fa !important;}\u00a0\u00bb][vc_column width=\u00a0\u00bb3\/4&Prime;][vc_row_inner el_id=\u00a0\u00bbbox_shadow\u00a0\u00bb css=\u00a0\u00bb.vc_custom_1565921267875{margin-right: 0px !important;margin-bottom: 25px !important;margin-left: 0px !important;padding-top: 20px !important;}\u00a0\u00bb][vc_column_inner width=\u00a0\u00bb1\/3&Prime;][vc_single_image image=\u00a0\u00bb6142&Prime; img_size=\u00a0\u00bbmedium\u00a0\u00bb alignment=\u00a0\u00bbcenter\u00a0\u00bb][\/vc_column_inner][vc_column_inner width=\u00a0\u00bb2\/3&Prime; css=\u00a0\u00bb.vc_custom_1565920961366{padding-left: 20px !important;}\u00a0\u00bb][vc_custom_heading text=\u00a0\u00bbEspagne : Visa non-lucratif\u00a0\u00bb font_container=\u00a0\u00bbtag:h2|font_size:20px|text_align:left|color:%23000000|line_height:22px\u00a0\u00bb google_fonts=\u00a0\u00bbfont_family:Raleway%3A100%2C200%2C300%2Cregular%2C500%2C600%2C700%2C800%2C900|font_style:600%20bold%20regular%3A600%3Anormal\u00a0\u00bb css=\u00a0\u00bb.vc_custom_1697458237165{margin-bottom: 20px !important;}\u00a0\u00bb][vc_column_text css=\u00a0\u00bb.vc_custom_1697537232708{margin-bottom: 12px !important;}\u00a0\u00bb]Le visa d&rsquo;immigration espagnol \u00ab\u00a0\u00e0 but non lucratif\u00a0\u00bb est un programme destin\u00e9 aux individus qui poss\u00e8dent des resources financi\u00e8res suffisantes pour subvenir \u00e0 leurs propres besoins en Espagne. Puisque ce programme ne permet pas\u00a0d&rsquo;exercer des activit\u00e9s professionnelles ou salari\u00e9es en Espagne, il vous sera demand\u00e9\u00a0de justifier des revenus stables et r\u00e9guliers en provenance de votre pays. De cette mani\u00e8re, si vous percevez des revenus garantis de fa\u00e7on r\u00e9guli\u00e8re \u00e0 l&rsquo;ext\u00e9rieur de l&rsquo;Espagne, il vous sera possible de pr\u00e9senter une demande de visa d&rsquo;immigration sous cette cat\u00e9gorie et d&rsquo;y r\u00e9sider au pays pendant au moins un an. Il est \u00e9galement possible d&rsquo;inclure les membres de votre famille dans votre demande de visa et de permis de s\u00e9jour espagnol.\u00a0Nos collaborateurs chez Inimex Inc. et chez <span style=\"color: #0000ff;\"><a style=\"color: #0000ff;\" href=\"https:\/\/www.vip-serveis.com\/\">VIP Serveis Espagne<\/a><\/span>\u00a0seront ravis de vous assister dans cette d\u00e9marche.\u00a0\u00c0 chaque \u00e9tape du processus de votre demande d&rsquo;immigration en Espagne, nous serons \u00e0 vos c\u00f4t\u00e9s pour cr\u00e9er avec notre exp\u00e9rience et notre professionnalisme une r\u00e9ponse \u00e0 vos besoins.[\/vc_column_text]<div id=\"nitro_custom_css_1201701951\" class=\"sc-button \"><a href=\"\/fr\/spain-immigration-program-1\/\" title=\"\" target=\"_self\"><span>En savoir plus<\/span><\/a><\/div>[\/vc_column_inner][\/vc_row_inner][vc_row_inner css=\u00a0\u00bb.vc_custom_1622512060430{margin-right: 0px !important;margin-bottom: 25px !important;margin-left: 0px !important;padding-top: 20px !important;}\u00a0\u00bb el_id=\u00a0\u00bbbox_shadow\u00a0\u00bb][vc_column_inner width=\u00a0\u00bb1\/3&Prime;][vc_single_image image=\u00a0\u00bb6092&Prime; img_size=\u00a0\u00bbmedium\u00a0\u00bb alignment=\u00a0\u00bbcenter\u00a0\u00bb][\/vc_column_inner][vc_column_inner width=\u00a0\u00bb2\/3&Prime; css=\u00a0\u00bb.vc_custom_1565920961366{padding-left: 20px !important;}\u00a0\u00bb][vc_custom_heading text=\u00a0\u00bbEspagne : Visa pour les investisseurs\u00a0\u00bb font_container=\u00a0\u00bbtag:h2|font_size:20px|text_align:left|color:%23000000|line_height:22px\u00a0\u00bb google_fonts=\u00a0\u00bbfont_family:Raleway%3A100%2C200%2C300%2Cregular%2C500%2C600%2C700%2C800%2C900|font_style:600%20bold%20regular%3A600%3Anormal\u00a0\u00bb css=\u00a0\u00bb.vc_custom_1697458242993{margin-bottom: 20px !important;}\u00a0\u00bb][vc_column_text css=\u00a0\u00bb.vc_custom_1697458080883{margin-bottom: 12px !important;}\u00a0\u00bb]Le programme d&rsquo;immigration pour les investisseurs intitul\u00e9 \u00ab\u00a0Golden Visa\u00a0\u00bb\u00a0permet d&rsquo;obtenir un permis de s\u00e9jour en \u00e9change d&rsquo;un investissement immobilier d&rsquo;une valeur de 500,000 \u20ac\u00a0ou plus en Espagne. Afin de maintenir ce permis de s\u00e9jour, il est n\u00e9cessaire de conserver la propri\u00e9t\u00e9 immobili\u00e8re durant 5 ans. En plus, et, contrairement \u00e0 d&rsquo;autres programmes d&rsquo;immigrations espagnols, le visa pour les investisseurs est flexible en terme de jours pass\u00e9s en Espagne puisqu&rsquo;il n&rsquo;exige pas d&rsquo;y r\u00e9sider dans le pays pendant 183 jours par an. Ainsi, si vous souhaitez obtenir un permis de s\u00e9jour en Espagne et y investir \u00e0 hauteur de 500,000 \u20ac dans l&rsquo;immobilier, ce programme peut vous convenir. N&rsquo;h\u00e9sitez pas \u00e0 nous contacter\u00a0si vous souhaitez des informations compl\u00e9mentaires\u00a0: +34 683 238 499 | +33 768 152 300 (T\u00e9l\/WhatsApp\/Telegram\/Viber) |@ : info@inimexeu.com | Skype : Linimex ou r\u00e9servez une\u00a0<span style=\"color: #0000ff;\"><a style=\"color: #0000ff;\" href=\"https:\/\/immigrationeu.es\/fr\/consultation\/\">consultation priv\u00e9e.<\/a><\/span>[\/vc_column_text]<div id=\"nitro_custom_css_1074291197\" class=\"sc-button \"><a href=\"\/fr\/spain-immigration-program-2\/\" title=\"\" target=\"_self\"><span>En savoir plus<\/span><\/a><\/div>[\/vc_column_inner][\/vc_row_inner][vc_row_inner el_id=\u00a0\u00bbbox_shadow\u00a0\u00bb css=\u00a0\u00bb.vc_custom_1691592439927{margin-right: 0px !important;margin-bottom: 25px !important;margin-left: 0px !important;padding-top: 20px !important;}\u00a0\u00bb][vc_column_inner width=\u00a0\u00bb1\/3&Prime;][vc_single_image image=\u00a0\u00bb7169&Prime; img_size=\u00a0\u00bbmedium\u00a0\u00bb alignment=\u00a0\u00bbcenter\u00a0\u00bb][\/vc_column_inner][vc_column_inner width=\u00a0\u00bb2\/3&Prime; css=\u00a0\u00bb.vc_custom_1691592418793{padding-left: 20px !important;}\u00a0\u00bb][vc_custom_heading text=\u00a0\u00bbEspagne : Visa Nomade Digital\u00a0\u00bb font_container=\u00a0\u00bbtag:h2|font_size:20px|text_align:left|color:%23000000|line_height:22px\u00a0\u00bb google_fonts=\u00a0\u00bbfont_family:Raleway%3A100%2C200%2C300%2Cregular%2C500%2C600%2C700%2C800%2C900|font_style:600%20bold%20regular%3A600%3Anormal\u00a0\u00bb css=\u00a0\u00bb.vc_custom_1697458250318{margin-bottom: 20px !important;}\u00a0\u00bb][vc_column_text]<span style=\"font-weight: 400;\">En janvier 2023, l&rsquo;Espagne introduit le\u00a0visa d&rsquo;immigration \u00ab\u00a0nomade digital\u00a0\u00bb. Ce nouveau programme d&rsquo;immigration attire principalement des professionnels dans divers domaines, comme des experts en marketing digital, ing\u00e9nieurs en informatique, graphistes, journalistes, \u00e9conomistes, consultants et bien d&rsquo;autres. Ce visa permets aux individus de vivre et de travailler \u00e0 distance en Espagne, soit en tant que travailleur autonome ou salari\u00e9 pour une entreprise \u00e9trang\u00e8re. Tant et aussi longtemps que les conditions du programmes sont remplies, il est possible de prolonger la dur\u00e9e du permis de s\u00e9jour jusqu&rsquo;\u00e0 5 ans. Il est important de noter que ce programme permet \u00e9galement de\u00a0<\/span><span style=\"font-weight: 400;\">b\u00e9n\u00e9ficier d\u2019un r\u00e9gime fiscal avantageux.\u00a0<\/span>Pour de plus\u00a0amples d\u00e9tails sur le visa et permis de s\u00e9jour \u00ab\u00a0<span style=\"font-weight: 400;\">nomade digital\u00a0\u00bb<\/span> en Espagne, contactez-nous au : +34 683 238 499 | +33 768 152 300 (T\u00e9l\/WhatsApp\/Telegram\/Viber) |@ : info@inimexeu.com | Skype : Linimex ou r\u00e9servez une\u00a0<span style=\"color: #0000ff;\"><a style=\"color: #0000ff;\" href=\"https:\/\/immigrationeu.es\/fr\/consultation\/\">consultation priv\u00e9e.<\/a><\/span>[\/vc_column_text]<div id=\"nitro_custom_css_43828033\" class=\"sc-button \"><a href=\"https:\/\/immigrationeu.es\/fr\/visa-nomades-numeriques\/\" title=\"\" target=\"_self\"><span>En savoir plus<\/span><\/a><\/div>[\/vc_column_inner][\/vc_row_inner][\/vc_column][vc_column width=\u00a0\u00bb1\/4&Prime;][vc_row_inner][vc_column_inner][vc_widget_sidebar sidebar_id=\u00a0\u00bbnitro-sidebar-35&Prime; el_id=\u00a0\u00bbbox_shadow_padding\u00a0\u00bb][vc_widget_sidebar sidebar_id=\u00a0\u00bbnitro-sidebar-9&Prime; el_id=\u00a0\u00bbbox_shadow_padding\u00a0\u00bb][\/vc_column_inner][\/vc_row_inner][\/vc_column][\/vc_row][vc_row full_width=\u00a0\u00bbstretch_row\u00a0\u00bb background_position=\u00a0\u00bbright top\u00a0\u00bb css=\u00a0\u00bb.vc_custom_1622511869722{padding-top: 40px !important;padding-bottom: 20px !important;background-color: #14274e !important;background-position: center !important;background-repeat: no-repeat !important;background-size: cover !important;}\u00a0\u00bb][vc_column width=\u00a0\u00bb1\/4&Prime; css=\u00a0\u00bb.vc_custom_1562383084786{margin-bottom: 30px !important;}\u00a0\u00bb][vc_widget_sidebar sidebar_id=\u00a0\u00bbnitro-sidebar-51&Prime;][\/vc_column][vc_column width=\u00a0\u00bb1\/3&Prime; css=\u00a0\u00bb.vc_custom_1562383090392{margin-bottom: 30px !important;}\u00a0\u00bb][vc_widget_sidebar sidebar_id=\u00a0\u00bbnitro-sidebar-52&Prime;][\/vc_column][vc_column width=\u00a0\u00bb1\/3&Prime; css=\u00a0\u00bb.vc_custom_1562383096710{margin-bottom: 30px !important;}\u00a0\u00bb][vc_widget_sidebar sidebar_id=\u00a0\u00bbnitro-sidebar-53&Prime;][\/vc_column][\/vc_row][vc_row full_width=\u00a0\u00bbstretch_row\u00a0\u00bb content_placement=\u00a0\u00bbmiddle\u00a0\u00bb css=\u00a0\u00bb.vc_custom_1606925812237{background-color: #f8f9fa !important;}\u00a0\u00bb][vc_column width=\u00a0\u00bb1\/2&Prime;][vc_column_text css=\u00a0\u00bb.vc_custom_1606926041350{margin-top: 0px !important;margin-bottom: 0px !important;}\u00a0\u00bb]\n<div class=\"wpml-ls-statics-footer wpml-ls wpml-ls-legacy-list-horizontal\">\n\t<ul><li class=\"wpml-ls-slot-footer wpml-ls-item wpml-ls-item-fr wpml-ls-current-language wpml-ls-item-legacy-list-horizontal\">\n\t\t\t\t<a href=\"https:\/\/immigrationeu.es\/fr\/\" class=\"wpml-ls-link\">\n                                                        <img decoding=\"async\"\n            class=\"wpml-ls-flag\"\n            src=\"https:\/\/immigrationeu.es\/wp-content\/plugins\/sitepress-multilingual-cms\/res\/flags\/fr.png\"\n            alt=\"\"\n            width=18\n            height=12\n    \/><span class=\"wpml-ls-native\">Fran\u00e7ais<\/span><\/a>\n\t\t\t<\/li><li class=\"wpml-ls-slot-footer wpml-ls-item wpml-ls-item-en wpml-ls-first-item wpml-ls-item-legacy-list-horizontal\">\n\t\t\t\t<a href=\"https:\/\/immigrationeu.es\" class=\"wpml-ls-link\">\n                                                        <img decoding=\"async\"\n            class=\"wpml-ls-flag\"\n            src=\"https:\/\/immigrationeu.es\/wp-content\/plugins\/sitepress-multilingual-cms\/res\/flags\/en.png\"\n            alt=\"\"\n            width=18\n            height=12\n    \/><span class=\"wpml-ls-native\" lang=\"en\">English<\/span><\/a>\n\t\t\t<\/li><li class=\"wpml-ls-slot-footer wpml-ls-item wpml-ls-item-ru wpml-ls-item-legacy-list-horizontal\">\n\t\t\t\t<a href=\"https:\/\/immigrationeu.es\/ru\/\" class=\"wpml-ls-link\">\n                                                        <img decoding=\"async\"\n            class=\"wpml-ls-flag\"\n            src=\"https:\/\/immigrationeu.es\/wp-content\/plugins\/sitepress-multilingual-cms\/res\/flags\/ru.png\"\n            alt=\"\"\n            width=18\n            height=12\n    \/><span class=\"wpml-ls-native\" lang=\"ru\">\u0420\u0443\u0441\u0441\u043a\u0438\u0439<\/span><\/a>\n\t\t\t<\/li><li class=\"wpml-ls-slot-footer wpml-ls-item wpml-ls-item-es wpml-ls-item-legacy-list-horizontal\">\n\t\t\t\t<a href=\"https:\/\/immigrationeu.es\/es\/\" class=\"wpml-ls-link\">\n                                                        <img decoding=\"async\"\n            class=\"wpml-ls-flag\"\n            src=\"https:\/\/immigrationeu.es\/wp-content\/plugins\/sitepress-multilingual-cms\/res\/flags\/es.png\"\n            alt=\"\"\n            width=18\n            height=12\n    \/><span class=\"wpml-ls-native\" lang=\"es\">Espa\u00f1ol<\/span><\/a>\n\t\t\t<\/li><li class=\"wpml-ls-slot-footer wpml-ls-item wpml-ls-item-cn wpml-ls-last-item wpml-ls-item-legacy-list-horizontal\">\n\t\t\t\t<a href=\"https:\/\/immigrationeu.es\/cn\/\" class=\"wpml-ls-link\">\n                                                        <img decoding=\"async\"\n            class=\"wpml-ls-flag\"\n            src=\"https:\/\/immigrationeu.es\/wp-content\/uploads\/flags\/cn.png\"\n            alt=\"\"\n            width=18\n            height=12\n    \/><span class=\"wpml-ls-native\" lang=\"cn\">Chinese <\/span><\/a>\n\t\t\t<\/li><\/ul>\n<\/div>\n[\/vc_column_text][\/vc_column][vc_column width=\u00a0\u00bb1\/2&Prime;][vc_widget_sidebar sidebar_id=\u00a0\u00bbnitro-sidebar-54&Prime;][\/vc_column][\/vc_row]<\/p>\n","protected":false},"excerpt":{"rendered":"<p>[vc_row full_width=\u00a0\u00bbstretch_row\u00a0\u00bb content_placement=\u00a0\u00bbtop\u00a0\u00bb background_position=\u00a0\u00bbcenter center\u00a0\u00bb css=\u00a0\u00bb.vc_custom_1668166383572{padding-top: 80px !important;padding-bottom: 80px !important;background-image: url(https:\/\/immigrationeu.es\/wp-content\/uploads\/2022\/11\/UltimateMadrid__HERO_shutterstock_374325199.jpg?id=5645) !important;background-position: center !important;background-repeat: no-repeat !important;background-size: cover !important;}\u00a0\u00bb][vc_column width=\u00a0\u00bb1\/6&Prime;][\/vc_column][vc_column width=\u00a0\u00bb2\/3&Prime; css=\u00a0\u00bb.vc_custom_1622511841833{background-color: rgba(20,39,78,0.51) !important;*background-color: rgb(20,39,78) !important;}\u00a0\u00bb][vc_custom_heading text=\u00a0\u00bbESPAGNES : PROGRAMMES D&rsquo;IMMIGRATION\u00a0\u00bb font_container=\u00a0\u00bbtag:h1|font_size:30px|text_align:center|color:%23ffffff|line_height:36px\u00a0\u00bb use_theme_fonts=\u00a0\u00bbyes\u00a0\u00bb css=\u00a0\u00bb.vc_custom_1697453095543{margin-bottom: 30px !important;}\u00a0\u00bb][\/vc_column][vc_column width=\u00a0\u00bb1\/6&Prime;][\/vc_column][\/vc_row][vc_row full_width=\u00a0\u00bbstretch_row_content\u00a0\u00bb css=\u00a0\u00bb.vc_custom_1562694247586{background-color: #f8f9fa !important;}\u00a0\u00bb][vc_column width=\u00a0\u00bb3\/4&Prime;][vc_row_inner el_id=\u00a0\u00bbbox_shadow\u00a0\u00bb css=\u00a0\u00bb.vc_custom_1565921267875{margin-right: 0px !important;margin-bottom: 25px !important;margin-left: 0px !important;padding-top: 20px !important;}\u00a0\u00bb][vc_column_inner width=\u00a0\u00bb1\/3&Prime;][vc_single_image image=\u00a0\u00bb6142&Prime; img_size=\u00a0\u00bbmedium\u00a0\u00bb alignment=\u00a0\u00bbcenter\u00a0\u00bb][\/vc_column_inner][vc_column_inner width=\u00a0\u00bb2\/3&Prime; [&hellip;]<\/p>\n","protected":false},"author":1,"featured_media":0,"parent":0,"menu_order":0,"comment_status":"closed","ping_status":"closed","template":"","meta":{"footnotes":""},"yoast_head":"<!-- This site is optimized with the Yoast SEO plugin v17.2 - https:\/\/yoast.com\/wordpress\/plugins\/seo\/ -->\n<title>ESPAGNE VISA IMMIGRATION R\u00c9SIDENCE +34 683 238 499<\/title>\n<meta name=\"description\" content=\"ESPAGNE | VISA | IMMIGRATION | R\u00c9SIDENCE ESPAGNOLE | CITOYENNET\u00c9 | PASSEPORT | VISA NON LUCRATIF | NATURALISATION | +34 683 238 499\" \/>\n<meta name=\"robots\" content=\"index, follow, max-snippet:-1, max-image-preview:large, max-video-preview:-1\" \/>\n<link rel=\"canonical\" href=\"https:\/\/immigrationeu.es\/fr\/immigration-visa-espagne\/\" \/>\n<meta property=\"og:locale\" content=\"fr_FR\" \/>\n<meta property=\"og:type\" content=\"article\" \/>\n<meta property=\"og:title\" content=\"ESPAGNE VISA IMMIGRATION R\u00c9SIDENCE +34 683 238 499\" \/>\n<meta property=\"og:description\" content=\"ESPAGNE | VISA | IMMIGRATION | R\u00c9SIDENCE ESPAGNOLE | CITOYENNET\u00c9 | PASSEPORT | VISA NON LUCRATIF | NATURALISATION | +34 683 238 499\" \/>\n<meta property=\"og:url\" content=\"https:\/\/immigrationeu.es\/fr\/immigration-visa-espagne\/\" \/>\n<meta property=\"og:site_name\" content=\"Immigration EU\" \/>\n<meta property=\"article:modified_time\" content=\"2023-10-17T10:08:04+00:00\" \/>\n<meta property=\"og:image\" content=\"https:\/\/immigrationeu.es\/wp-content\/uploads\/2021\/06\/inimex-es-logo.png\" \/>\n\t<meta property=\"og:image:width\" content=\"763\" \/>\n\t<meta property=\"og:image:height\" content=\"420\" \/>\n<meta name=\"twitter:card\" content=\"summary_large_image\" \/>\n<meta name=\"twitter:site\" content=\"@inimexcom\" \/>\n<meta name=\"twitter:label1\" content=\"Dur\u00e9e de lecture est.\" \/>\n\t<meta name=\"twitter:data1\" content=\"3 minutes\" \/>\n<script type=\"application\/ld+json\" class=\"yoast-schema-graph\">{\"@context\":\"https:\/\/schema.org\",\"@graph\":[{\"@type\":\"Organization\",\"@id\":\"https:\/\/immigrationeu.es\/#organization\",\"name\":\"Inimex\",\"url\":\"https:\/\/immigrationeu.es\/\",\"sameAs\":[\"https:\/\/www.instagram.com\/inimexinimex\/\",\"https:\/\/www.youtube.com\/channel\/UCH-rQw097uvbDUlhya3lz9A\",\"https:\/\/twitter.com\/inimexcom\"],\"logo\":{\"@type\":\"ImageObject\",\"@id\":\"https:\/\/immigrationeu.es\/#logo\",\"inLanguage\":\"fr-FR\",\"url\":\"https:\/\/immigrationeu.es\/wp-content\/uploads\/2021\/06\/inimex-es-logo.png\",\"contentUrl\":\"https:\/\/immigrationeu.es\/wp-content\/uploads\/2021\/06\/inimex-es-logo.png\",\"width\":763,\"height\":420,\"caption\":\"Inimex\"},\"image\":{\"@id\":\"https:\/\/immigrationeu.es\/#logo\"}},{\"@type\":\"WebSite\",\"@id\":\"https:\/\/immigrationeu.es\/#website\",\"url\":\"https:\/\/immigrationeu.es\/\",\"name\":\"Immigration EU\",\"description\":\"\",\"publisher\":{\"@id\":\"https:\/\/immigrationeu.es\/#organization\"},\"potentialAction\":[{\"@type\":\"SearchAction\",\"target\":{\"@type\":\"EntryPoint\",\"urlTemplate\":\"https:\/\/immigrationeu.es\/?s={search_term_string}\"},\"query-input\":\"required name=search_term_string\"}],\"inLanguage\":\"fr-FR\"},{\"@type\":\"WebPage\",\"@id\":\"https:\/\/immigrationeu.es\/fr\/immigration-visa-espagne\/#webpage\",\"url\":\"https:\/\/immigrationeu.es\/fr\/immigration-visa-espagne\/\",\"name\":\"ESPAGNE VISA IMMIGRATION R\\u00c9SIDENCE +34 683 238 499\",\"isPartOf\":{\"@id\":\"https:\/\/immigrationeu.es\/#website\"},\"datePublished\":\"2021-06-01T01:55:26+00:00\",\"dateModified\":\"2023-10-17T10:08:04+00:00\",\"description\":\"ESPAGNE | VISA | IMMIGRATION | R\\u00c9SIDENCE ESPAGNOLE | CITOYENNET\\u00c9 | PASSEPORT | VISA NON LUCRATIF | NATURALISATION | +34 683 238 499\",\"breadcrumb\":{\"@id\":\"https:\/\/immigrationeu.es\/fr\/immigration-visa-espagne\/#breadcrumb\"},\"inLanguage\":\"fr-FR\",\"potentialAction\":[{\"@type\":\"ReadAction\",\"target\":[\"https:\/\/immigrationeu.es\/fr\/immigration-visa-espagne\/\"]}]},{\"@type\":\"BreadcrumbList\",\"@id\":\"https:\/\/immigrationeu.es\/fr\/immigration-visa-espagne\/#breadcrumb\",\"itemListElement\":[{\"@type\":\"ListItem\",\"position\":1,\"name\":\"Home\",\"item\":\"https:\/\/immigrationeu.es\/fr\/\"},{\"@type\":\"ListItem\",\"position\":2,\"name\":\"Espagne : Programmes d&#8217;immigration en Espagne\"}]}]}<\/script>\n<!-- \/ Yoast SEO plugin. -->","yoast_head_json":{"title":"ESPAGNE VISA IMMIGRATION R\u00c9SIDENCE +34 683 238 499","description":"ESPAGNE | VISA | IMMIGRATION | R\u00c9SIDENCE ESPAGNOLE | CITOYENNET\u00c9 | PASSEPORT | VISA NON LUCRATIF | NATURALISATION | +34 683 238 499","robots":{"index":"index","follow":"follow","max-snippet":"max-snippet:-1","max-image-preview":"max-image-preview:large","max-video-preview":"max-video-preview:-1"},"canonical":"https:\/\/immigrationeu.es\/fr\/immigration-visa-espagne\/","og_locale":"fr_FR","og_type":"article","og_title":"ESPAGNE VISA IMMIGRATION R\u00c9SIDENCE +34 683 238 499","og_description":"ESPAGNE | VISA | IMMIGRATION | R\u00c9SIDENCE ESPAGNOLE | CITOYENNET\u00c9 | PASSEPORT | VISA NON LUCRATIF | NATURALISATION | +34 683 238 499","og_url":"https:\/\/immigrationeu.es\/fr\/immigration-visa-espagne\/","og_site_name":"Immigration EU","article_modified_time":"2023-10-17T10:08:04+00:00","og_image":[{"width":763,"height":420,"url":"https:\/\/immigrationeu.es\/wp-content\/uploads\/2021\/06\/inimex-es-logo.png","path":"\/home\/immigra9\/immigrationeu.es\/wp-content\/uploads\/2021\/06\/inimex-es-logo.png","size":"full","id":4109,"alt":"","pixels":320460,"type":"image\/png"}],"twitter_card":"summary_large_image","twitter_site":"@inimexcom","twitter_misc":{"Dur\u00e9e de lecture est.":"3 minutes"},"schema":{"@context":"https:\/\/schema.org","@graph":[{"@type":"Organization","@id":"https:\/\/immigrationeu.es\/#organization","name":"Inimex","url":"https:\/\/immigrationeu.es\/","sameAs":["https:\/\/www.instagram.com\/inimexinimex\/","https:\/\/www.youtube.com\/channel\/UCH-rQw097uvbDUlhya3lz9A","https:\/\/twitter.com\/inimexcom"],"logo":{"@type":"ImageObject","@id":"https:\/\/immigrationeu.es\/#logo","inLanguage":"fr-FR","url":"https:\/\/immigrationeu.es\/wp-content\/uploads\/2021\/06\/inimex-es-logo.png","contentUrl":"https:\/\/immigrationeu.es\/wp-content\/uploads\/2021\/06\/inimex-es-logo.png","width":763,"height":420,"caption":"Inimex"},"image":{"@id":"https:\/\/immigrationeu.es\/#logo"}},{"@type":"WebSite","@id":"https:\/\/immigrationeu.es\/#website","url":"https:\/\/immigrationeu.es\/","name":"Immigration EU","description":"","publisher":{"@id":"https:\/\/immigrationeu.es\/#organization"},"potentialAction":[{"@type":"SearchAction","target":{"@type":"EntryPoint","urlTemplate":"https:\/\/immigrationeu.es\/?s={search_term_string}"},"query-input":"required name=search_term_string"}],"inLanguage":"fr-FR"},{"@type":"WebPage","@id":"https:\/\/immigrationeu.es\/fr\/immigration-visa-espagne\/#webpage","url":"https:\/\/immigrationeu.es\/fr\/immigration-visa-espagne\/","name":"ESPAGNE VISA IMMIGRATION R\u00c9SIDENCE +34 683 238 499","isPartOf":{"@id":"https:\/\/immigrationeu.es\/#website"},"datePublished":"2021-06-01T01:55:26+00:00","dateModified":"2023-10-17T10:08:04+00:00","description":"ESPAGNE | VISA | IMMIGRATION | R\u00c9SIDENCE ESPAGNOLE | CITOYENNET\u00c9 | PASSEPORT | VISA NON LUCRATIF | NATURALISATION | +34 683 238 499","breadcrumb":{"@id":"https:\/\/immigrationeu.es\/fr\/immigration-visa-espagne\/#breadcrumb"},"inLanguage":"fr-FR","potentialAction":[{"@type":"ReadAction","target":["https:\/\/immigrationeu.es\/fr\/immigration-visa-espagne\/"]}]},{"@type":"BreadcrumbList","@id":"https:\/\/immigrationeu.es\/fr\/immigration-visa-espagne\/#breadcrumb","itemListElement":[{"@type":"ListItem","position":1,"name":"Home","item":"https:\/\/immigrationeu.es\/fr\/"},{"@type":"ListItem","position":2,"name":"Espagne : Programmes d&#8217;immigration en Espagne"}]}]}},"_links":{"self":[{"href":"https:\/\/immigrationeu.es\/fr\/wp-json\/wp\/v2\/pages\/4547"}],"collection":[{"href":"https:\/\/immigrationeu.es\/fr\/wp-json\/wp\/v2\/pages"}],"about":[{"href":"https:\/\/immigrationeu.es\/fr\/wp-json\/wp\/v2\/types\/page"}],"author":[{"embeddable":true,"href":"https:\/\/immigrationeu.es\/fr\/wp-json\/wp\/v2\/users\/1"}],"replies":[{"embeddable":true,"href":"https:\/\/immigrationeu.es\/fr\/wp-json\/wp\/v2\/comments?post=4547"}],"version-history":[{"count":32,"href":"https:\/\/immigrationeu.es\/fr\/wp-json\/wp\/v2\/pages\/4547\/revisions"}],"predecessor-version":[{"id":8271,"href":"https:\/\/immigrationeu.es\/fr\/wp-json\/wp\/v2\/pages\/4547\/revisions\/8271"}],"wp:attachment":[{"href":"https:\/\/immigrationeu.es\/fr\/wp-json\/wp\/v2\/media?parent=4547"}],"curies":[{"name":"wp","href":"https:\/\/api.w.org\/{rel}","templated":true}]}}